{"id":3,"date":"2024-01-19T11:05:53","date_gmt":"2024-01-19T11:05:53","guid":{"rendered":"https:\/\/eshop.pristis.lt\/?page_id=3"},"modified":"2024-01-22T15:34:55","modified_gmt":"2024-01-22T15:34:55","slug":"privacy-policy","status":"publish","type":"page","link":"https:\/\/eshop.pristis.lt\/index.php\/privacy-policy\/","title":{"rendered":"Privatumo politika"},"content":{"rendered":"\n<p><\/p>\n\n\n\n<p><strong>&nbsp;UAB\u201cPristis\u201c<\/strong> atsakingai saugo J\u016bs\u0173 privatum\u0105. \u0160i privatumo politika apra\u0161o, koki\u0105 asmenin\u0119 informacij\u0105 mes renkame ir kaip mes j\u0105 naudojame. M\u016bs\u0173 pagrindinis tikslas renkant J\u016bs\u0173 asmenin\u0119 informacij\u0105 yra suteikti Jums skland\u017ei\u0105, efektyvi\u0105 ir asmeninius poreikius tenkinan\u010di\u0105 patirt\u012f, kol J\u016bs naudojat\u0117s m\u016bs\u0173 elektronine parduotuve. Tai leid\u017eia mums teikti informacij\u0105 ir atlikti funkcijas, kurios labiausiai atitinka J\u016bs\u0173 poreikius ir padeda pritaikyti m\u016bs\u0173 paslaugas taip, kad jos b\u016bt\u0173 lengviau ir grei\u010diau suprantamos.<\/p>\n\n\n\n<p><strong>BENDROS NUOSTATOS<\/strong><\/p>\n\n\n\n<p>\u0160i privatumo politika yra skirta u\u017etikrinti, kad Pardav\u0117jas laikosi Lietuvos Respublikos asmens duomen\u0173 teisin\u0117s apsaugos \u012fstatymo, Lietuvos Respublikos elektronini\u0173 ry\u0161i\u0173 \u012fstatymo ir kit\u0173 galiojan\u010di\u0173 teis\u0117s akt\u0173, reglamentuojan\u010di\u0173 asmens duomen\u0173 apsaug\u0105, taip pat kompetenting\u0173 institucij\u0173 nurodym\u0173.&nbsp;<a href=\"https:\/\/eshop.pristis.lt\/\">https:\/\/eshop.pristis.lt\/<\/a> Privatumo politika numatyto pagrindines Asmens duomen\u0173 rinkimo, kaupimo ir tvarkymo Taisykl\u0117s naudojantis <a href=\"https:\/\/eshop.pristis.lt\/\">https:\/\/eshop.pristis.lt\/<\/a> &nbsp;si\u016blomomis Paslaugomis. Privatumo politika skirta apsaugoti ir ginti <a href=\"https:\/\/eshop.pristis.lt\/\">https:\/\/eshop.pristis.lt\/<\/a> &nbsp;Pirk\u0117j\u0105 Asmens duomenis nuo neteis\u0117to naudojimo. Privatumo politika taikoma ir <a href=\"https:\/\/eshop.pristis.lt\/\">https:\/\/eshop.pristis.lt\/<\/a> &nbsp;Paskyroms. &nbsp;Naudotojas(pirk\u0117jas) gali atlikti pirkimo <a href=\"https:\/\/eshop.pristis.lt\/\">https:\/\/eshop.pristis.lt\/<\/a> &nbsp;veiksmus prisiregistrav\u0119s prie <a href=\"https:\/\/eshop.pristis.lt\/\">https:\/\/eshop.pristis.lt\/<\/a> , taip pat neatlik\u0119s registracijos.<\/p>\n\n\n\n<p><strong>ASMENS DUOMEN\u0172 TEIKIMAS, TVARKYMO TEISINIAI PAGRINDAI IR TIKSLAI<\/strong><\/p>\n\n\n\n<p>Informacij\u0105, kuri yra renkama apie Naudotojus (pirk\u0117jus), priklauso nuo Jums teikiam\u0173 paslaug\u0173 ir to, koki\u0105 informacij\u0105 pateikiate <a href=\"https:\/\/eshop.pristis.lt\/\">https:\/\/eshop.pristis.lt\/<\/a> &nbsp;pradedant naudotis paslaugomis ar registruojantis <a href=\"https:\/\/eshop.pristis.lt\/\">https:\/\/eshop.pristis.lt\/<\/a> &nbsp;paskyroje. J\u016bs\u0173 asmens duomenys yra gaunami \u0161iais b\u016bdais:<\/p>\n\n\n\n<ul class=\"wp-block-list\">\n<li>pateikiate J\u016bs (u\u017epildydami ir pateikdami u\u017eklausos form\u0105 interneto svetain\u0117je, skambindami kontakt\u0173 centro telefono numeriu;<\/li>\n\n\n\n<li>generuojami automati\u0161kai, kiek tai numato galiojantys teis\u0117s aktai (lankantis interneto svetain\u0117je ir \/ ar socialin\u0117je paskyroje, naudojantis program\u0117l\u0117mis);<\/li>\n\n\n\n<li>gaunami i\u0161 tre\u010di\u0173j\u0173 asmen\u0173 ir \/ ar vie\u0161ai prieinam\u0173 \u0161altini\u0173, kiek tai numato galiojantys teis\u0117s aktai.<\/li>\n<\/ul>\n\n\n\n<p>Pirk\u0117jas gali atlikti pirkimo <a href=\"https:\/\/eshop.pristis.lt\/\">https:\/\/eshop.pristis.lt\/<\/a> &nbsp;veiksmus prisiregistrav\u0119s prie <a href=\"https:\/\/eshop.pristis.lt\/\">https:\/\/eshop.pristis.lt\/<\/a> &nbsp;, taip pat neatlik\u0119s registracijos. I\u0161 registracijos neatlikusio Pirk\u0117jo reikalaujama pateikti \u0161iuos Asmens duomenys &#8211; vard\u0105, pavard\u0119, telefono numer\u012f, el. pa\u0161to adres\u0105, pristatymo adres\u0105. Pirk\u0117jas yra atsakingas u\u017e savo Asmens duomen\u0173 pateikim\u0105, tikslum\u0105 ir teisingum\u0105.<\/p>\n\n\n\n<p>Asmenys, norintys registruotis <a href=\"https:\/\/eshop.pristis.lt\/\">https:\/\/eshop.pristis.lt\/<\/a> , privalo pateikti savo elektronin\u012f pa\u0161to adres\u0105 ir sugalvot\u0105 Slapta\u017eod\u012f. Registracijos metu yra sukuriama Paskyra. Paskyroje Pirk\u0117jas pats suveda savo duomenis &#8211; vard\u0105, pavard\u0119, telefono numer\u012f, elektroninio pa\u0161to adres\u0105, tod\u0117l tik jis yra atsakingas u\u017e \u0161i\u0173 duomen\u0173 teisingum\u0105. Pirk\u0117jui suteikiamas Vartotojo ID. Pirk\u0117jas gali bet kuriuo metu:<\/p>\n\n\n\n<ul class=\"wp-block-list\">\n<li>koreguoti ir\/ar pildyti Asmens duomenis Paskyroje. U\u017e pakoreguot\u0105 ir\/ar papildyt\u0105 duomen\u0173 teisingum\u0105 atsakingas Pirk\u0117jas;<\/li>\n\n\n\n<li>kreiptis \u012f <a href=\"https:\/\/eshop.pristis.lt\/\">https:\/\/eshop.pristis.lt\/<\/a> &nbsp;elektroninio pa\u0161to adresu <a href=\"mailto:pristis@pristis.lt\">pristis@pristis.lt<\/a> \u012f atsaking\u0105 asmen\u012f d\u0117l Paskyros panaikinimo.<\/li>\n<\/ul>\n\n\n\n<p>Pardav\u0117jas renka ir toliau tvarko J\u016bs\u0173 asmens duomenis remiantis asmens duomen\u0173 apsaug\u0105 reglamentuojan\u010diuose teis\u0117s aktuose apibr\u0117\u017etais teis\u0117tais pagrindais:<\/p>\n\n\n\n<ul class=\"wp-block-list\">\n<li>kai tvarkyti asmens duomenis Pardav\u0117j\u0105 \u012fpareigoja galiojantys teis\u0117s aktai;<\/li>\n\n\n\n<li>siekiant sudaryti ir \/ ar vykdyti su Jumis sudaryt\u0105 sutart\u012f;<\/li>\n\n\n\n<li>J\u016bs\u0173 sutikimu;<\/li>\n\n\n\n<li>d\u0117l Pardav\u0117jo teis\u0117t\u0173 interes\u0173, kai J\u016bs\u0173 privat\u016bs interesai n\u0117ra svarbesni.<\/li>\n<\/ul>\n\n\n\n<p>Pardav\u0117jas tvarko asmens duomenis \u0161iais tikslais:<\/p>\n\n\n\n<ul class=\"wp-block-list\">\n<li>Paslaug\u0173 teikimo, kliento mokumo \u012fvertinimo ir kredito rizikos valdymo, pa\u017eeist\u0173 Pardav\u0117jo teisi\u0173 gynimo<\/li>\n\n\n\n<li>Tinkamam paslaug\u0173 teikimui, paslaug\u0173 kokyb\u0117s u\u017etikrinimui.<\/li>\n<\/ul>\n\n\n\n<p>Pardav\u0117jas gali perduoti J\u016bs\u0173 asmens duomenis:<\/p>\n\n\n\n<ul class=\"wp-block-list\">\n<li>duomen\u0173 tvarkytojams (paslaug\u0173 teik\u0117jams), kurie teikia paslaugas ir tvarko J\u016bs\u0173 asmens duomenis Pardav\u0117jo, kaip duomen\u0173 valdytojo, vardu (pvz. IT paslaug\u0173 teik\u0117jai, auditoriai, reklamos agent\u016bros, transporto paslaug\u0173 teik\u0117jai ir pan.);<\/li>\n\n\n\n<li>kitiems tretiesiems asmenims, kai to reikalaujama pagal galiojan\u010dius teis\u0117s aktus arba kai tai yra b\u016btina siekiant apsaugoti Pardav\u0117jo teis\u0117tus interesus (pvz. teismai, vald\u017eios ir teis\u0117saugos institucijos ir pan.).<\/li>\n<\/ul>\n\n\n\n<p><strong>ASMENS DUOMEN\u0172 NAUDOJIMO IR SAUGOJIMO TVARKA<\/strong><\/p>\n\n\n\n<p>Jei nor\u0117tum\u0117te su\u017einoti, kokius duomenis esame apie Jus surink\u0119, galite kreiptis \u012f mus \u0161iuo el. pa\u0161tu: <a href=\"mailto:pristis@pristis.lt\">pristis@pristis.lt<\/a> . \u0160iuo adresu taip pat galite kreiptis pra\u0161ydami duomenis i\u0161taisyti, i\u0161trinti, apriboti duomen\u0173 tvarkym\u0105, at\u0161aukti duotus sutikimus, nesutikti su duomen\u0173 tvarkymu remiantis m\u016bs\u0173 teis\u0117tu interesu, nesutikti su duomen\u0173 tvarkymu tiesiogin\u0117s rinkodaros tikslais, jei taikoma, \u012fgyvendinti teis\u0119 \u012f duomen\u0173 perkeliamum\u0105..<\/p>\n\n\n\n<p><strong>ASMENS DUOMEN\u0172 SUBJEKT\u0172 TEISI\u0172 \u012eGYVENDINIMAS<\/strong><\/p>\n\n\n\n<p>Naudotojas(pirk\u0117jas), kurio asmens duomenis tvarko <a href=\"https:\/\/eshop.pristis.lt\/\">https:\/\/eshop.pristis.lt\/<\/a> &nbsp;ar Pardav\u0117jas, turi \u0161ias teises:<\/p>\n\n\n\n<ul class=\"wp-block-list\">\n<li>\u017einoti (b\u016bti informuotas) apie savo duomen\u0173 tvarkym\u0105;<\/li>\n\n\n\n<li>susipa\u017einti su savo asmens duomenimis ir kaip jie yra tvarkomi;<\/li>\n\n\n\n<li>reikalauti i\u0161taisyti, sunaikinti savo asmens duomenis arba sustabdyti, i\u0161skyrus saugojim\u0105, savo asmens duomen\u0173 tvarkymo veiksmus, kai duomenys tvarkomi nesilaikant Lietuvos Respublikos asmens duomen\u0173 teisin\u0117s apsaugos \u012fstatymo ir kit\u0173 \u012fstatym\u0173 nuostat\u0173;<\/li>\n\n\n\n<li>nesutikti, kad b\u016bt\u0173 tvarkomi J\u016bs\u0173 asmens duomenys.<\/li>\n<\/ul>\n\n\n\n<p>Visos nurodytos asmens duomen\u0173 subjekt\u0173 teis\u0117s bus \u012fgyvendintos prie\u0161 tai nusta\u010dius ir patikrinus asmens, kuris kreipiasi, tapatyb\u0119. Tai galite padaryti bet kuriame <a href=\"https:\/\/eshop.pristis.lt\/\">https:\/\/eshop.pristis.lt\/<\/a> &nbsp;klient\u0173 aptarnavimo padalinyje arba pasinaudodami tam tikromis nuorodomis pateikiamomis <a href=\"https:\/\/eshop.pristis.lt\/%20\">https:\/\/eshop.pristis.lt\/ <\/a>ar Pardav\u0117jo teikiamos reklaminio turinio med\u017eiagos apa\u010dioje.<\/p>\n\n\n\n<p>Pardav\u0117jas gali nesudaryti Jums s\u0105lyg\u0173 \u012fgyvendinti auk\u0161\u010diau nurodyt\u0173 asmens duomen\u0173 subjekt\u0173 teisi\u0173, kai galiojan\u010di\u0173 teis\u0117s akt\u0173 numatytais atvejais reikia u\u017etikrinti nusikaltim\u0173, tarnybin\u0117s ar profesin\u0117s etikos pa\u017eeidim\u0173 prevencij\u0105, tyrim\u0105 ir nustatym\u0105, taip pat duomen\u0173 subjekto ar kit\u0173 asmen\u0173 teisi\u0173 ir laisvi\u0173 apsaug\u0105.<\/p>\n\n\n\n<p><em>Jei i\u0161kilt\u0173 klausim\u0173 d\u0117l \u0161ioje privatumo politikoje pateiktos informacijos, maloniai pra\u0161ome kreiptis Jums patogiu b\u016bdu.<\/em><\/p>\n\n\n\n<p><em>Bet kok\u012f pra\u0161ym\u0105 ar&nbsp; nurodym\u0105, susijus\u012f su Asmens duomen\u0173 tvarkymu, Pirk\u0117jas turi pateikti Pardav\u0117jui ra\u0161tu vienu i\u0161 \u0161i\u0173 b\u016bd\u0173:<\/em><\/p>\n\n\n\n<p><em>1) \u012fteikdamas tok\u012f pra\u0161ym\u0105 ar nurodym\u0105 Pardav\u0117jui tiesiogiai adresu Ukmerg\u0117s g. 308, Vilnius.<\/em><\/p>\n\n\n\n<p><em>2) i\u0161si\u0173sdamas tok\u012f pra\u0161ym\u0105 ar nurodym\u0105 elektroninio pa\u0161to adresu pristis@pristis.lt&nbsp;i\u0161 savo elektroninio pa\u0161to adreso.<\/em><\/p>\n\n\n\n<p><em>&nbsp;Pardav\u0117jas, gav\u0119s tok\u012f Pirk\u0117jo pra\u0161ym\u0105 ar nurodym\u0105, ne v\u0117liau kaip per 30 (trisde\u0161imt) kalendorini\u0173 dien\u0173 pateikia Pirk\u0117jui atsakym\u0105 bei atlieka pra\u0161yme nurodytus veiksmus ar atsisako juos atlikti. Pirk\u0117jo pra\u0161ymu atsakymas turi b\u016bti pateiktas ra\u0161tu.<\/em><br><br><\/p>\n","protected":false},"excerpt":{"rendered":"<p>&nbsp;UAB\u201cPristis\u201c atsakingai saugo J\u016bs\u0173 privatum\u0105. \u0160i privatumo politika apra\u0161o, koki\u0105 asmenin\u0119 informacij\u0105 mes renkame ir kaip mes j\u0105 naudojame. M\u016bs\u0173&#8230;<\/p>\n","protected":false},"author":1,"featured_media":0,"parent":0,"menu_order":0,"comment_status":"closed","ping_status":"open","template":"","meta":{"footnotes":""},"class_list":["post-3","page","type-page","status-publish","hentry"],"yoast_head":"<!-- This site is optimized with the Yoast SEO plugin v27.6 - https:\/\/yoast.com\/product\/yoast-seo-wordpress\/ -->\n<title>Privatumo politika - eShop<\/title>\n<meta name=\"robots\" content=\"index, follow, max-snippet:-1, max-image-preview:large, max-video-preview:-1\" \/>\n<link rel=\"canonical\" href=\"https:\/\/eshop.pristis.lt\/index.php\/privacy-policy\/\" \/>\n<meta property=\"og:locale\" content=\"lt_LT\" \/>\n<meta property=\"og:type\" content=\"article\" \/>\n<meta property=\"og:title\" content=\"Privatumo politika - eShop\" \/>\n<meta property=\"og:description\" content=\"&nbsp;UAB\u201cPristis\u201c atsakingai saugo J\u016bs\u0173 privatum\u0105. \u0160i privatumo politika apra\u0161o, koki\u0105 asmenin\u0119 informacij\u0105 mes renkame ir kaip mes j\u0105 naudojame. M\u016bs\u0173...\" \/>\n<meta property=\"og:url\" content=\"https:\/\/eshop.pristis.lt\/index.php\/privacy-policy\/\" \/>\n<meta property=\"og:site_name\" content=\"eShop\" \/>\n<meta property=\"article:modified_time\" content=\"2024-01-22T15:34:55+00:00\" \/>\n<meta name=\"twitter:card\" content=\"summary_large_image\" \/>\n<meta name=\"twitter:label1\" content=\"Est. reading time\" \/>\n\t<meta name=\"twitter:data1\" content=\"5 minut\u0117s\" \/>\n<script type=\"application\/ld+json\" class=\"yoast-schema-graph\">{\"@context\":\"https:\\\/\\\/schema.org\",\"@graph\":[{\"@type\":\"WebPage\",\"@id\":\"https:\\\/\\\/eshop.pristis.lt\\\/index.php\\\/privacy-policy\\\/\",\"url\":\"https:\\\/\\\/eshop.pristis.lt\\\/index.php\\\/privacy-policy\\\/\",\"name\":\"Privatumo politika - eShop\",\"isPartOf\":{\"@id\":\"https:\\\/\\\/eshop.pristis.lt\\\/#website\"},\"datePublished\":\"2024-01-19T11:05:53+00:00\",\"dateModified\":\"2024-01-22T15:34:55+00:00\",\"breadcrumb\":{\"@id\":\"https:\\\/\\\/eshop.pristis.lt\\\/index.php\\\/privacy-policy\\\/#breadcrumb\"},\"inLanguage\":\"lt-LT\",\"potentialAction\":[{\"@type\":\"ReadAction\",\"target\":[\"https:\\\/\\\/eshop.pristis.lt\\\/index.php\\\/privacy-policy\\\/\"]}]},{\"@type\":\"BreadcrumbList\",\"@id\":\"https:\\\/\\\/eshop.pristis.lt\\\/index.php\\\/privacy-policy\\\/#breadcrumb\",\"itemListElement\":[{\"@type\":\"ListItem\",\"position\":1,\"name\":\"Home\",\"item\":\"https:\\\/\\\/eshop.pristis.lt\\\/\"},{\"@type\":\"ListItem\",\"position\":2,\"name\":\"Privatumo politika\"}]},{\"@type\":\"WebSite\",\"@id\":\"https:\\\/\\\/eshop.pristis.lt\\\/#website\",\"url\":\"https:\\\/\\\/eshop.pristis.lt\\\/\",\"name\":\"PRISTIS eShop\",\"description\":\"eShop\",\"publisher\":{\"@id\":\"https:\\\/\\\/eshop.pristis.lt\\\/#organization\"},\"potentialAction\":[{\"@type\":\"SearchAction\",\"target\":{\"@type\":\"EntryPoint\",\"urlTemplate\":\"https:\\\/\\\/eshop.pristis.lt\\\/?s={search_term_string}\"},\"query-input\":{\"@type\":\"PropertyValueSpecification\",\"valueRequired\":true,\"valueName\":\"search_term_string\"}}],\"inLanguage\":\"lt-LT\"},{\"@type\":\"Organization\",\"@id\":\"https:\\\/\\\/eshop.pristis.lt\\\/#organization\",\"name\":\"PRISTIS eShop\",\"url\":\"https:\\\/\\\/eshop.pristis.lt\\\/\",\"logo\":{\"@type\":\"ImageObject\",\"inLanguage\":\"lt-LT\",\"@id\":\"https:\\\/\\\/eshop.pristis.lt\\\/#\\\/schema\\\/logo\\\/image\\\/\",\"url\":\"https:\\\/\\\/eshop.pristis.lt\\\/wp-content\\\/uploads\\\/2024\\\/01\\\/PristisLogo-Large.jpg\",\"contentUrl\":\"https:\\\/\\\/eshop.pristis.lt\\\/wp-content\\\/uploads\\\/2024\\\/01\\\/PristisLogo-Large.jpg\",\"width\":1793,\"height\":451,\"caption\":\"PRISTIS eShop\"},\"image\":{\"@id\":\"https:\\\/\\\/eshop.pristis.lt\\\/#\\\/schema\\\/logo\\\/image\\\/\"}}]}<\/script>\n<!-- \/ Yoast SEO plugin. -->","yoast_head_json":{"title":"Privatumo politika - eShop","robots":{"index":"index","follow":"follow","max-snippet":"max-snippet:-1","max-image-preview":"max-image-preview:large","max-video-preview":"max-video-preview:-1"},"canonical":"https:\/\/eshop.pristis.lt\/index.php\/privacy-policy\/","og_locale":"lt_LT","og_type":"article","og_title":"Privatumo politika - eShop","og_description":"&nbsp;UAB\u201cPristis\u201c atsakingai saugo J\u016bs\u0173 privatum\u0105. \u0160i privatumo politika apra\u0161o, koki\u0105 asmenin\u0119 informacij\u0105 mes renkame ir kaip mes j\u0105 naudojame. M\u016bs\u0173...","og_url":"https:\/\/eshop.pristis.lt\/index.php\/privacy-policy\/","og_site_name":"eShop","article_modified_time":"2024-01-22T15:34:55+00:00","twitter_card":"summary_large_image","twitter_misc":{"Est. reading time":"5 minut\u0117s"},"schema":{"@context":"https:\/\/schema.org","@graph":[{"@type":"WebPage","@id":"https:\/\/eshop.pristis.lt\/index.php\/privacy-policy\/","url":"https:\/\/eshop.pristis.lt\/index.php\/privacy-policy\/","name":"Privatumo politika - eShop","isPartOf":{"@id":"https:\/\/eshop.pristis.lt\/#website"},"datePublished":"2024-01-19T11:05:53+00:00","dateModified":"2024-01-22T15:34:55+00:00","breadcrumb":{"@id":"https:\/\/eshop.pristis.lt\/index.php\/privacy-policy\/#breadcrumb"},"inLanguage":"lt-LT","potentialAction":[{"@type":"ReadAction","target":["https:\/\/eshop.pristis.lt\/index.php\/privacy-policy\/"]}]},{"@type":"BreadcrumbList","@id":"https:\/\/eshop.pristis.lt\/index.php\/privacy-policy\/#breadcrumb","itemListElement":[{"@type":"ListItem","position":1,"name":"Home","item":"https:\/\/eshop.pristis.lt\/"},{"@type":"ListItem","position":2,"name":"Privatumo politika"}]},{"@type":"WebSite","@id":"https:\/\/eshop.pristis.lt\/#website","url":"https:\/\/eshop.pristis.lt\/","name":"PRISTIS eShop","description":"eShop","publisher":{"@id":"https:\/\/eshop.pristis.lt\/#organization"},"potentialAction":[{"@type":"SearchAction","target":{"@type":"EntryPoint","urlTemplate":"https:\/\/eshop.pristis.lt\/?s={search_term_string}"},"query-input":{"@type":"PropertyValueSpecification","valueRequired":true,"valueName":"search_term_string"}}],"inLanguage":"lt-LT"},{"@type":"Organization","@id":"https:\/\/eshop.pristis.lt\/#organization","name":"PRISTIS eShop","url":"https:\/\/eshop.pristis.lt\/","logo":{"@type":"ImageObject","inLanguage":"lt-LT","@id":"https:\/\/eshop.pristis.lt\/#\/schema\/logo\/image\/","url":"https:\/\/eshop.pristis.lt\/wp-content\/uploads\/2024\/01\/PristisLogo-Large.jpg","contentUrl":"https:\/\/eshop.pristis.lt\/wp-content\/uploads\/2024\/01\/PristisLogo-Large.jpg","width":1793,"height":451,"caption":"PRISTIS eShop"},"image":{"@id":"https:\/\/eshop.pristis.lt\/#\/schema\/logo\/image\/"}}]}},"_links":{"self":[{"href":"https:\/\/eshop.pristis.lt\/index.php\/wp-json\/wp\/v2\/pages\/3","targetHints":{"allow":["GET"]}}],"collection":[{"href":"https:\/\/eshop.pristis.lt\/index.php\/wp-json\/wp\/v2\/pages"}],"about":[{"href":"https:\/\/eshop.pristis.lt\/index.php\/wp-json\/wp\/v2\/types\/page"}],"author":[{"embeddable":true,"href":"https:\/\/eshop.pristis.lt\/index.php\/wp-json\/wp\/v2\/users\/1"}],"replies":[{"embeddable":true,"href":"https:\/\/eshop.pristis.lt\/index.php\/wp-json\/wp\/v2\/comments?post=3"}],"version-history":[{"count":2,"href":"https:\/\/eshop.pristis.lt\/index.php\/wp-json\/wp\/v2\/pages\/3\/revisions"}],"predecessor-version":[{"id":4413,"href":"https:\/\/eshop.pristis.lt\/index.php\/wp-json\/wp\/v2\/pages\/3\/revisions\/4413"}],"wp:attachment":[{"href":"https:\/\/eshop.pristis.lt\/index.php\/wp-json\/wp\/v2\/media?parent=3"}],"curies":[{"name":"wp","href":"https:\/\/api.w.org\/{rel}","templated":true}]}}