{"id":3987,"date":"2024-01-22T10:18:29","date_gmt":"2024-01-22T10:18:29","guid":{"rendered":"https:\/\/eshop.pristis.lt\/?post_type=product&#038;p=3987"},"modified":"2025-07-11T12:53:20","modified_gmt":"2025-07-11T12:53:20","slug":"klaviatura-kameru-valdymo-rs422-rs485-ds-1006ki-hikvision","status":"publish","type":"product","link":"https:\/\/eshop.pristis.lt\/index.php\/produktas\/klaviatura-kameru-valdymo-rs422-rs485-ds-1006ki-hikvision\/","title":{"rendered":"Klaviat\u016bra, kamer\u0173 valdymo, RS422, RS485, DS-1006KI, Hikvision"},"content":{"rendered":"<p>Klaviat\u016bra, kamer\u0173 valdymo, RS422, RS485, DS-1006KI, Hikvision<\/p>\n","protected":false},"excerpt":{"rendered":"<p>Klaviat\u016bra, kamer\u0173 valdymo, RS422, RS485, DS-1006KI, Hikvision<\/p>\n","protected":false},"featured_media":3502,"template":"","meta":[],"product_brand":[],"product_cat":[72],"product_tag":[],"berocket_brand":[140],"class_list":{"0":"post-3987","1":"product","2":"type-product","3":"status-publish","4":"has-post-thumbnail","6":"product_cat-vaizdo-kameru-priedai","7":"berocket_brand-hikvision","9":"first","10":"instock","11":"sale","12":"taxable","13":"shipping-taxable","14":"purchasable","15":"product-type-simple"},"yoast_head":"<!-- This site is optimized with the Yoast SEO plugin v27.3 - https:\/\/yoast.com\/product\/yoast-seo-wordpress\/ -->\n<title>Klaviat\u016bra, kamer\u0173 valdymo, RS422, RS485, DS-1006KI, Hikvision - eShop<\/title>\n<meta name=\"robots\" content=\"index, follow, max-snippet:-1, max-image-preview:large, max-video-preview:-1\" \/>\n<link rel=\"canonical\" href=\"https:\/\/eshop.pristis.lt\/index.php\/produktas\/klaviatura-kameru-valdymo-rs422-rs485-ds-1006ki-hikvision\/\" \/>\n<meta property=\"og:locale\" content=\"lt_LT\" \/>\n<meta property=\"og:type\" content=\"article\" \/>\n<meta property=\"og:title\" content=\"Klaviat\u016bra, kamer\u0173 valdymo, RS422, RS485, DS-1006KI, Hikvision - eShop\" \/>\n<meta property=\"og:description\" content=\"Klaviat\u016bra, kamer\u0173 valdymo, RS422, RS485, DS-1006KI, Hikvision\" \/>\n<meta property=\"og:url\" content=\"https:\/\/eshop.pristis.lt\/index.php\/produktas\/klaviatura-kameru-valdymo-rs422-rs485-ds-1006ki-hikvision\/\" \/>\n<meta property=\"og:site_name\" content=\"eShop\" \/>\n<meta property=\"article:modified_time\" content=\"2025-07-11T12:53:20+00:00\" \/>\n<meta property=\"og:image\" content=\"https:\/\/eshop.pristis.lt\/wp-content\/uploads\/2024\/01\/DS-1006KI.jpg\" \/>\n\t<meta property=\"og:image:width\" content=\"1024\" \/>\n\t<meta property=\"og:image:height\" content=\"667\" \/>\n\t<meta property=\"og:image:type\" content=\"image\/jpeg\" \/>\n<meta name=\"twitter:card\" content=\"summary_large_image\" \/>\n<script type=\"application\/ld+json\" class=\"yoast-schema-graph\">{\"@context\":\"https:\\\/\\\/schema.org\",\"@graph\":[{\"@type\":\"WebPage\",\"@id\":\"https:\\\/\\\/eshop.pristis.lt\\\/index.php\\\/produktas\\\/klaviatura-kameru-valdymo-rs422-rs485-ds-1006ki-hikvision\\\/\",\"url\":\"https:\\\/\\\/eshop.pristis.lt\\\/index.php\\\/produktas\\\/klaviatura-kameru-valdymo-rs422-rs485-ds-1006ki-hikvision\\\/\",\"name\":\"Klaviat\u016bra, kamer\u0173 valdymo, RS422, RS485, DS-1006KI, Hikvision - eShop\",\"isPartOf\":{\"@id\":\"https:\\\/\\\/eshop.pristis.lt\\\/#website\"},\"primaryImageOfPage\":{\"@id\":\"https:\\\/\\\/eshop.pristis.lt\\\/index.php\\\/produktas\\\/klaviatura-kameru-valdymo-rs422-rs485-ds-1006ki-hikvision\\\/#primaryimage\"},\"image\":{\"@id\":\"https:\\\/\\\/eshop.pristis.lt\\\/index.php\\\/produktas\\\/klaviatura-kameru-valdymo-rs422-rs485-ds-1006ki-hikvision\\\/#primaryimage\"},\"thumbnailUrl\":\"https:\\\/\\\/eshop.pristis.lt\\\/wp-content\\\/uploads\\\/2024\\\/01\\\/DS-1006KI.jpg\",\"datePublished\":\"2024-01-22T10:18:29+00:00\",\"dateModified\":\"2025-07-11T12:53:20+00:00\",\"breadcrumb\":{\"@id\":\"https:\\\/\\\/eshop.pristis.lt\\\/index.php\\\/produktas\\\/klaviatura-kameru-valdymo-rs422-rs485-ds-1006ki-hikvision\\\/#breadcrumb\"},\"inLanguage\":\"lt-LT\",\"potentialAction\":[{\"@type\":\"ReadAction\",\"target\":[\"https:\\\/\\\/eshop.pristis.lt\\\/index.php\\\/produktas\\\/klaviatura-kameru-valdymo-rs422-rs485-ds-1006ki-hikvision\\\/\"]}]},{\"@type\":\"ImageObject\",\"inLanguage\":\"lt-LT\",\"@id\":\"https:\\\/\\\/eshop.pristis.lt\\\/index.php\\\/produktas\\\/klaviatura-kameru-valdymo-rs422-rs485-ds-1006ki-hikvision\\\/#primaryimage\",\"url\":\"https:\\\/\\\/eshop.pristis.lt\\\/wp-content\\\/uploads\\\/2024\\\/01\\\/DS-1006KI.jpg\",\"contentUrl\":\"https:\\\/\\\/eshop.pristis.lt\\\/wp-content\\\/uploads\\\/2024\\\/01\\\/DS-1006KI.jpg\",\"width\":1024,\"height\":1024},{\"@type\":\"BreadcrumbList\",\"@id\":\"https:\\\/\\\/eshop.pristis.lt\\\/index.php\\\/produktas\\\/klaviatura-kameru-valdymo-rs422-rs485-ds-1006ki-hikvision\\\/#breadcrumb\",\"itemListElement\":[{\"@type\":\"ListItem\",\"position\":1,\"name\":\"Home\",\"item\":\"https:\\\/\\\/eshop.pristis.lt\\\/\"},{\"@type\":\"ListItem\",\"position\":2,\"name\":\"Parduotuv\u0117\",\"item\":\"https:\\\/\\\/eshop.pristis.lt\\\/\"},{\"@type\":\"ListItem\",\"position\":3,\"name\":\"Klaviat\u016bra, kamer\u0173 valdymo, RS422, RS485, DS-1006KI, Hikvision\"}]},{\"@type\":\"WebSite\",\"@id\":\"https:\\\/\\\/eshop.pristis.lt\\\/#website\",\"url\":\"https:\\\/\\\/eshop.pristis.lt\\\/\",\"name\":\"PRISTIS eShop\",\"description\":\"eShop\",\"publisher\":{\"@id\":\"https:\\\/\\\/eshop.pristis.lt\\\/#organization\"},\"potentialAction\":[{\"@type\":\"SearchAction\",\"target\":{\"@type\":\"EntryPoint\",\"urlTemplate\":\"https:\\\/\\\/eshop.pristis.lt\\\/?s={search_term_string}\"},\"query-input\":{\"@type\":\"PropertyValueSpecification\",\"valueRequired\":true,\"valueName\":\"search_term_string\"}}],\"inLanguage\":\"lt-LT\"},{\"@type\":\"Organization\",\"@id\":\"https:\\\/\\\/eshop.pristis.lt\\\/#organization\",\"name\":\"PRISTIS eShop\",\"url\":\"https:\\\/\\\/eshop.pristis.lt\\\/\",\"logo\":{\"@type\":\"ImageObject\",\"inLanguage\":\"lt-LT\",\"@id\":\"https:\\\/\\\/eshop.pristis.lt\\\/#\\\/schema\\\/logo\\\/image\\\/\",\"url\":\"https:\\\/\\\/eshop.pristis.lt\\\/wp-content\\\/uploads\\\/2024\\\/01\\\/PristisLogo-Large.jpg\",\"contentUrl\":\"https:\\\/\\\/eshop.pristis.lt\\\/wp-content\\\/uploads\\\/2024\\\/01\\\/PristisLogo-Large.jpg\",\"width\":1793,\"height\":451,\"caption\":\"PRISTIS eShop\"},\"image\":{\"@id\":\"https:\\\/\\\/eshop.pristis.lt\\\/#\\\/schema\\\/logo\\\/image\\\/\"}}]}<\/script>\n<!-- \/ Yoast SEO plugin. -->","yoast_head_json":{"title":"Klaviat\u016bra, kamer\u0173 valdymo, RS422, RS485, DS-1006KI, Hikvision - eShop","robots":{"index":"index","follow":"follow","max-snippet":"max-snippet:-1","max-image-preview":"max-image-preview:large","max-video-preview":"max-video-preview:-1"},"canonical":"https:\/\/eshop.pristis.lt\/index.php\/produktas\/klaviatura-kameru-valdymo-rs422-rs485-ds-1006ki-hikvision\/","og_locale":"lt_LT","og_type":"article","og_title":"Klaviat\u016bra, kamer\u0173 valdymo, RS422, RS485, DS-1006KI, Hikvision - eShop","og_description":"Klaviat\u016bra, kamer\u0173 valdymo, RS422, RS485, DS-1006KI, Hikvision","og_url":"https:\/\/eshop.pristis.lt\/index.php\/produktas\/klaviatura-kameru-valdymo-rs422-rs485-ds-1006ki-hikvision\/","og_site_name":"eShop","article_modified_time":"2025-07-11T12:53:20+00:00","og_image":[{"width":1024,"height":667,"url":"https:\/\/eshop.pristis.lt\/wp-content\/uploads\/2024\/01\/DS-1006KI.jpg","type":"image\/jpeg"}],"twitter_card":"summary_large_image","schema":{"@context":"https:\/\/schema.org","@graph":[{"@type":"WebPage","@id":"https:\/\/eshop.pristis.lt\/index.php\/produktas\/klaviatura-kameru-valdymo-rs422-rs485-ds-1006ki-hikvision\/","url":"https:\/\/eshop.pristis.lt\/index.php\/produktas\/klaviatura-kameru-valdymo-rs422-rs485-ds-1006ki-hikvision\/","name":"Klaviat\u016bra, kamer\u0173 valdymo, RS422, RS485, DS-1006KI, Hikvision - eShop","isPartOf":{"@id":"https:\/\/eshop.pristis.lt\/#website"},"primaryImageOfPage":{"@id":"https:\/\/eshop.pristis.lt\/index.php\/produktas\/klaviatura-kameru-valdymo-rs422-rs485-ds-1006ki-hikvision\/#primaryimage"},"image":{"@id":"https:\/\/eshop.pristis.lt\/index.php\/produktas\/klaviatura-kameru-valdymo-rs422-rs485-ds-1006ki-hikvision\/#primaryimage"},"thumbnailUrl":"https:\/\/eshop.pristis.lt\/wp-content\/uploads\/2024\/01\/DS-1006KI.jpg","datePublished":"2024-01-22T10:18:29+00:00","dateModified":"2025-07-11T12:53:20+00:00","breadcrumb":{"@id":"https:\/\/eshop.pristis.lt\/index.php\/produktas\/klaviatura-kameru-valdymo-rs422-rs485-ds-1006ki-hikvision\/#breadcrumb"},"inLanguage":"lt-LT","potentialAction":[{"@type":"ReadAction","target":["https:\/\/eshop.pristis.lt\/index.php\/produktas\/klaviatura-kameru-valdymo-rs422-rs485-ds-1006ki-hikvision\/"]}]},{"@type":"ImageObject","inLanguage":"lt-LT","@id":"https:\/\/eshop.pristis.lt\/index.php\/produktas\/klaviatura-kameru-valdymo-rs422-rs485-ds-1006ki-hikvision\/#primaryimage","url":"https:\/\/eshop.pristis.lt\/wp-content\/uploads\/2024\/01\/DS-1006KI.jpg","contentUrl":"https:\/\/eshop.pristis.lt\/wp-content\/uploads\/2024\/01\/DS-1006KI.jpg","width":1024,"height":1024},{"@type":"BreadcrumbList","@id":"https:\/\/eshop.pristis.lt\/index.php\/produktas\/klaviatura-kameru-valdymo-rs422-rs485-ds-1006ki-hikvision\/#breadcrumb","itemListElement":[{"@type":"ListItem","position":1,"name":"Home","item":"https:\/\/eshop.pristis.lt\/"},{"@type":"ListItem","position":2,"name":"Parduotuv\u0117","item":"https:\/\/eshop.pristis.lt\/"},{"@type":"ListItem","position":3,"name":"Klaviat\u016bra, kamer\u0173 valdymo, RS422, RS485, DS-1006KI, Hikvision"}]},{"@type":"WebSite","@id":"https:\/\/eshop.pristis.lt\/#website","url":"https:\/\/eshop.pristis.lt\/","name":"PRISTIS eShop","description":"eShop","publisher":{"@id":"https:\/\/eshop.pristis.lt\/#organization"},"potentialAction":[{"@type":"SearchAction","target":{"@type":"EntryPoint","urlTemplate":"https:\/\/eshop.pristis.lt\/?s={search_term_string}"},"query-input":{"@type":"PropertyValueSpecification","valueRequired":true,"valueName":"search_term_string"}}],"inLanguage":"lt-LT"},{"@type":"Organization","@id":"https:\/\/eshop.pristis.lt\/#organization","name":"PRISTIS eShop","url":"https:\/\/eshop.pristis.lt\/","logo":{"@type":"ImageObject","inLanguage":"lt-LT","@id":"https:\/\/eshop.pristis.lt\/#\/schema\/logo\/image\/","url":"https:\/\/eshop.pristis.lt\/wp-content\/uploads\/2024\/01\/PristisLogo-Large.jpg","contentUrl":"https:\/\/eshop.pristis.lt\/wp-content\/uploads\/2024\/01\/PristisLogo-Large.jpg","width":1793,"height":451,"caption":"PRISTIS eShop"},"image":{"@id":"https:\/\/eshop.pristis.lt\/#\/schema\/logo\/image\/"}}]}},"_links":{"self":[{"href":"https:\/\/eshop.pristis.lt\/index.php\/wp-json\/wp\/v2\/product\/3987","targetHints":{"allow":["GET"]}}],"collection":[{"href":"https:\/\/eshop.pristis.lt\/index.php\/wp-json\/wp\/v2\/product"}],"about":[{"href":"https:\/\/eshop.pristis.lt\/index.php\/wp-json\/wp\/v2\/types\/product"}],"wp:featuredmedia":[{"embeddable":true,"href":"https:\/\/eshop.pristis.lt\/index.php\/wp-json\/wp\/v2\/media\/3502"}],"wp:attachment":[{"href":"https:\/\/eshop.pristis.lt\/index.php\/wp-json\/wp\/v2\/media?parent=3987"}],"wp:term":[{"taxonomy":"product_brand","embeddable":true,"href":"https:\/\/eshop.pristis.lt\/index.php\/wp-json\/wp\/v2\/product_brand?post=3987"},{"taxonomy":"product_cat","embeddable":true,"href":"https:\/\/eshop.pristis.lt\/index.php\/wp-json\/wp\/v2\/product_cat?post=3987"},{"taxonomy":"product_tag","embeddable":true,"href":"https:\/\/eshop.pristis.lt\/index.php\/wp-json\/wp\/v2\/product_tag?post=3987"},{"taxonomy":"berocket_brand","embeddable":true,"href":"https:\/\/eshop.pristis.lt\/index.php\/wp-json\/wp\/v2\/berocket_brand?post=3987"}],"curies":[{"name":"wp","href":"https:\/\/api.w.org\/{rel}","templated":true}]}}