{"id":4003,"date":"2024-01-22T10:18:30","date_gmt":"2024-01-22T10:18:30","guid":{"rendered":"https:\/\/eshop.pristis.lt\/?post_type=product&#038;p=4003"},"modified":"2024-01-22T10:18:32","modified_gmt":"2024-01-22T10:18:32","slug":"optiwatch-ismaniuju-laikrodziu-stovas-su-maitinimo-saltiniu-ir-valdymo-pulteliu-optiguard","status":"publish","type":"product","link":"https:\/\/eshop.pristis.lt\/index.php\/produktas\/optiwatch-ismaniuju-laikrodziu-stovas-su-maitinimo-saltiniu-ir-valdymo-pulteliu-optiguard\/","title":{"rendered":"OptiWatch i\u0161mani\u0173j\u0173 laikrod\u017ei\u0173 stovas  su maitinimo \u0161altiniu ir valdymo pulteliu,  Optiguard"},"content":{"rendered":"<ul>\n<li>Patogi preki\u0173 ekspozicija klientams;<\/li>\n<li>Puikus preki\u0173 mobilumas ir efektyvesnis darbas jas parduodant;<\/li>\n<li>Mechanin\u0117 arba elektronin\u0117 apsauga;<\/li>\n<li>Galimyb\u0117 krauti produktus;<\/li>\n<li>Greita instaliacija;<\/li>\n<li>Platus pasirinkimas kontaktini\u0173 apsaug\u0173 \u012fvairiems laikrod\u017ei\u0173 modeliams;<\/li>\n<li>Idealus pasirinkimas: ma\u017emenin\u0117s prekybos parduotuv\u0117ms, taisykloms, mobili\u0173j\u0173 telefon\u0173 operatoriams;<\/li>\n<li>Garsin\u0117 ir vizuali indikacija informuojanti apie veikimo status\u0105;<\/li>\n<li>Pagalbin\u0117 baterija;<\/li>\n<li>Patogus valdymas su bevieliu pulteliu<\/li>\n<\/ul>\n<p>Komplekt\u0105 sudaro:<\/p>\n<ul>\n<li>Autonominis stovas<\/li>\n<li>19V maitinimo \u0161altinis<\/li>\n<li>Valdymo pultelis<\/li>\n<\/ul>\n","protected":false},"excerpt":{"rendered":"<p>92-1100-R-A-136810<\/p>\n","protected":false},"featured_media":3519,"template":"","meta":[],"product_brand":[],"product_cat":[98],"product_tag":[113],"berocket_brand":[121],"class_list":{"0":"post-4003","1":"product","2":"type-product","3":"status-publish","4":"has-post-thumbnail","6":"product_cat-ismaniesiems-laikrodziams","7":"product_tag-laikrodziams","8":"berocket_brand-optiguard","10":"first","11":"onbackorder","12":"taxable","13":"shipping-taxable","14":"purchasable","15":"product-type-simple"},"yoast_head":"<!-- This site is optimized with the Yoast SEO plugin v27.5 - https:\/\/yoast.com\/product\/yoast-seo-wordpress\/ -->\n<title>OptiWatch i\u0161mani\u0173j\u0173 laikrod\u017ei\u0173 stovas su maitinimo \u0161altiniu ir valdymo pulteliu, Optiguard - eShop<\/title>\n<meta name=\"robots\" content=\"index, follow, max-snippet:-1, max-image-preview:large, max-video-preview:-1\" \/>\n<link rel=\"canonical\" href=\"https:\/\/eshop.pristis.lt\/index.php\/produktas\/optiwatch-ismaniuju-laikrodziu-stovas-su-maitinimo-saltiniu-ir-valdymo-pulteliu-optiguard\/\" \/>\n<meta property=\"og:locale\" content=\"lt_LT\" \/>\n<meta property=\"og:type\" content=\"article\" \/>\n<meta property=\"og:title\" content=\"OptiWatch i\u0161mani\u0173j\u0173 laikrod\u017ei\u0173 stovas su maitinimo \u0161altiniu ir valdymo pulteliu, Optiguard - eShop\" \/>\n<meta property=\"og:description\" content=\"92-1100-R-A-136810\" \/>\n<meta property=\"og:url\" content=\"https:\/\/eshop.pristis.lt\/index.php\/produktas\/optiwatch-ismaniuju-laikrodziu-stovas-su-maitinimo-saltiniu-ir-valdymo-pulteliu-optiguard\/\" \/>\n<meta property=\"og:site_name\" content=\"eShop\" \/>\n<meta property=\"article:modified_time\" content=\"2024-01-22T10:18:32+00:00\" \/>\n<meta property=\"og:image\" content=\"https:\/\/eshop.pristis.lt\/wp-content\/uploads\/2024\/01\/foto1.png\" \/>\n\t<meta property=\"og:image:width\" content=\"592\" \/>\n\t<meta property=\"og:image:height\" content=\"592\" \/>\n\t<meta property=\"og:image:type\" content=\"image\/png\" \/>\n<meta name=\"twitter:card\" content=\"summary_large_image\" \/>\n<meta name=\"twitter:label1\" content=\"Est. reading time\" \/>\n\t<meta name=\"twitter:data1\" content=\"1 minut\u0117\" \/>\n<script type=\"application\/ld+json\" class=\"yoast-schema-graph\">{\"@context\":\"https:\\\/\\\/schema.org\",\"@graph\":[{\"@type\":\"WebPage\",\"@id\":\"https:\\\/\\\/eshop.pristis.lt\\\/index.php\\\/produktas\\\/optiwatch-ismaniuju-laikrodziu-stovas-su-maitinimo-saltiniu-ir-valdymo-pulteliu-optiguard\\\/\",\"url\":\"https:\\\/\\\/eshop.pristis.lt\\\/index.php\\\/produktas\\\/optiwatch-ismaniuju-laikrodziu-stovas-su-maitinimo-saltiniu-ir-valdymo-pulteliu-optiguard\\\/\",\"name\":\"OptiWatch i\u0161mani\u0173j\u0173 laikrod\u017ei\u0173 stovas su maitinimo \u0161altiniu ir valdymo pulteliu, Optiguard - eShop\",\"isPartOf\":{\"@id\":\"https:\\\/\\\/eshop.pristis.lt\\\/#website\"},\"primaryImageOfPage\":{\"@id\":\"https:\\\/\\\/eshop.pristis.lt\\\/index.php\\\/produktas\\\/optiwatch-ismaniuju-laikrodziu-stovas-su-maitinimo-saltiniu-ir-valdymo-pulteliu-optiguard\\\/#primaryimage\"},\"image\":{\"@id\":\"https:\\\/\\\/eshop.pristis.lt\\\/index.php\\\/produktas\\\/optiwatch-ismaniuju-laikrodziu-stovas-su-maitinimo-saltiniu-ir-valdymo-pulteliu-optiguard\\\/#primaryimage\"},\"thumbnailUrl\":\"https:\\\/\\\/eshop.pristis.lt\\\/wp-content\\\/uploads\\\/2024\\\/01\\\/foto1.png\",\"datePublished\":\"2024-01-22T10:18:30+00:00\",\"dateModified\":\"2024-01-22T10:18:32+00:00\",\"breadcrumb\":{\"@id\":\"https:\\\/\\\/eshop.pristis.lt\\\/index.php\\\/produktas\\\/optiwatch-ismaniuju-laikrodziu-stovas-su-maitinimo-saltiniu-ir-valdymo-pulteliu-optiguard\\\/#breadcrumb\"},\"inLanguage\":\"lt-LT\",\"potentialAction\":[{\"@type\":\"ReadAction\",\"target\":[\"https:\\\/\\\/eshop.pristis.lt\\\/index.php\\\/produktas\\\/optiwatch-ismaniuju-laikrodziu-stovas-su-maitinimo-saltiniu-ir-valdymo-pulteliu-optiguard\\\/\"]}]},{\"@type\":\"ImageObject\",\"inLanguage\":\"lt-LT\",\"@id\":\"https:\\\/\\\/eshop.pristis.lt\\\/index.php\\\/produktas\\\/optiwatch-ismaniuju-laikrodziu-stovas-su-maitinimo-saltiniu-ir-valdymo-pulteliu-optiguard\\\/#primaryimage\",\"url\":\"https:\\\/\\\/eshop.pristis.lt\\\/wp-content\\\/uploads\\\/2024\\\/01\\\/foto1.png\",\"contentUrl\":\"https:\\\/\\\/eshop.pristis.lt\\\/wp-content\\\/uploads\\\/2024\\\/01\\\/foto1.png\",\"width\":592,\"height\":592},{\"@type\":\"BreadcrumbList\",\"@id\":\"https:\\\/\\\/eshop.pristis.lt\\\/index.php\\\/produktas\\\/optiwatch-ismaniuju-laikrodziu-stovas-su-maitinimo-saltiniu-ir-valdymo-pulteliu-optiguard\\\/#breadcrumb\",\"itemListElement\":[{\"@type\":\"ListItem\",\"position\":1,\"name\":\"Home\",\"item\":\"https:\\\/\\\/eshop.pristis.lt\\\/\"},{\"@type\":\"ListItem\",\"position\":2,\"name\":\"Parduotuv\u0117\",\"item\":\"https:\\\/\\\/eshop.pristis.lt\\\/\"},{\"@type\":\"ListItem\",\"position\":3,\"name\":\"OptiWatch i\u0161mani\u0173j\u0173 laikrod\u017ei\u0173 stovas su maitinimo \u0161altiniu ir valdymo pulteliu, Optiguard\"}]},{\"@type\":\"WebSite\",\"@id\":\"https:\\\/\\\/eshop.pristis.lt\\\/#website\",\"url\":\"https:\\\/\\\/eshop.pristis.lt\\\/\",\"name\":\"PRISTIS eShop\",\"description\":\"eShop\",\"publisher\":{\"@id\":\"https:\\\/\\\/eshop.pristis.lt\\\/#organization\"},\"potentialAction\":[{\"@type\":\"SearchAction\",\"target\":{\"@type\":\"EntryPoint\",\"urlTemplate\":\"https:\\\/\\\/eshop.pristis.lt\\\/?s={search_term_string}\"},\"query-input\":{\"@type\":\"PropertyValueSpecification\",\"valueRequired\":true,\"valueName\":\"search_term_string\"}}],\"inLanguage\":\"lt-LT\"},{\"@type\":\"Organization\",\"@id\":\"https:\\\/\\\/eshop.pristis.lt\\\/#organization\",\"name\":\"PRISTIS eShop\",\"url\":\"https:\\\/\\\/eshop.pristis.lt\\\/\",\"logo\":{\"@type\":\"ImageObject\",\"inLanguage\":\"lt-LT\",\"@id\":\"https:\\\/\\\/eshop.pristis.lt\\\/#\\\/schema\\\/logo\\\/image\\\/\",\"url\":\"https:\\\/\\\/eshop.pristis.lt\\\/wp-content\\\/uploads\\\/2024\\\/01\\\/PristisLogo-Large.jpg\",\"contentUrl\":\"https:\\\/\\\/eshop.pristis.lt\\\/wp-content\\\/uploads\\\/2024\\\/01\\\/PristisLogo-Large.jpg\",\"width\":1793,\"height\":451,\"caption\":\"PRISTIS eShop\"},\"image\":{\"@id\":\"https:\\\/\\\/eshop.pristis.lt\\\/#\\\/schema\\\/logo\\\/image\\\/\"}}]}<\/script>\n<!-- \/ Yoast SEO plugin. -->","yoast_head_json":{"title":"OptiWatch i\u0161mani\u0173j\u0173 laikrod\u017ei\u0173 stovas su maitinimo \u0161altiniu ir valdymo pulteliu, Optiguard - eShop","robots":{"index":"index","follow":"follow","max-snippet":"max-snippet:-1","max-image-preview":"max-image-preview:large","max-video-preview":"max-video-preview:-1"},"canonical":"https:\/\/eshop.pristis.lt\/index.php\/produktas\/optiwatch-ismaniuju-laikrodziu-stovas-su-maitinimo-saltiniu-ir-valdymo-pulteliu-optiguard\/","og_locale":"lt_LT","og_type":"article","og_title":"OptiWatch i\u0161mani\u0173j\u0173 laikrod\u017ei\u0173 stovas su maitinimo \u0161altiniu ir valdymo pulteliu, Optiguard - eShop","og_description":"92-1100-R-A-136810","og_url":"https:\/\/eshop.pristis.lt\/index.php\/produktas\/optiwatch-ismaniuju-laikrodziu-stovas-su-maitinimo-saltiniu-ir-valdymo-pulteliu-optiguard\/","og_site_name":"eShop","article_modified_time":"2024-01-22T10:18:32+00:00","og_image":[{"width":592,"height":592,"url":"https:\/\/eshop.pristis.lt\/wp-content\/uploads\/2024\/01\/foto1.png","type":"image\/png"}],"twitter_card":"summary_large_image","twitter_misc":{"Est. reading time":"1 minut\u0117"},"schema":{"@context":"https:\/\/schema.org","@graph":[{"@type":"WebPage","@id":"https:\/\/eshop.pristis.lt\/index.php\/produktas\/optiwatch-ismaniuju-laikrodziu-stovas-su-maitinimo-saltiniu-ir-valdymo-pulteliu-optiguard\/","url":"https:\/\/eshop.pristis.lt\/index.php\/produktas\/optiwatch-ismaniuju-laikrodziu-stovas-su-maitinimo-saltiniu-ir-valdymo-pulteliu-optiguard\/","name":"OptiWatch i\u0161mani\u0173j\u0173 laikrod\u017ei\u0173 stovas su maitinimo \u0161altiniu ir valdymo pulteliu, Optiguard - eShop","isPartOf":{"@id":"https:\/\/eshop.pristis.lt\/#website"},"primaryImageOfPage":{"@id":"https:\/\/eshop.pristis.lt\/index.php\/produktas\/optiwatch-ismaniuju-laikrodziu-stovas-su-maitinimo-saltiniu-ir-valdymo-pulteliu-optiguard\/#primaryimage"},"image":{"@id":"https:\/\/eshop.pristis.lt\/index.php\/produktas\/optiwatch-ismaniuju-laikrodziu-stovas-su-maitinimo-saltiniu-ir-valdymo-pulteliu-optiguard\/#primaryimage"},"thumbnailUrl":"https:\/\/eshop.pristis.lt\/wp-content\/uploads\/2024\/01\/foto1.png","datePublished":"2024-01-22T10:18:30+00:00","dateModified":"2024-01-22T10:18:32+00:00","breadcrumb":{"@id":"https:\/\/eshop.pristis.lt\/index.php\/produktas\/optiwatch-ismaniuju-laikrodziu-stovas-su-maitinimo-saltiniu-ir-valdymo-pulteliu-optiguard\/#breadcrumb"},"inLanguage":"lt-LT","potentialAction":[{"@type":"ReadAction","target":["https:\/\/eshop.pristis.lt\/index.php\/produktas\/optiwatch-ismaniuju-laikrodziu-stovas-su-maitinimo-saltiniu-ir-valdymo-pulteliu-optiguard\/"]}]},{"@type":"ImageObject","inLanguage":"lt-LT","@id":"https:\/\/eshop.pristis.lt\/index.php\/produktas\/optiwatch-ismaniuju-laikrodziu-stovas-su-maitinimo-saltiniu-ir-valdymo-pulteliu-optiguard\/#primaryimage","url":"https:\/\/eshop.pristis.lt\/wp-content\/uploads\/2024\/01\/foto1.png","contentUrl":"https:\/\/eshop.pristis.lt\/wp-content\/uploads\/2024\/01\/foto1.png","width":592,"height":592},{"@type":"BreadcrumbList","@id":"https:\/\/eshop.pristis.lt\/index.php\/produktas\/optiwatch-ismaniuju-laikrodziu-stovas-su-maitinimo-saltiniu-ir-valdymo-pulteliu-optiguard\/#breadcrumb","itemListElement":[{"@type":"ListItem","position":1,"name":"Home","item":"https:\/\/eshop.pristis.lt\/"},{"@type":"ListItem","position":2,"name":"Parduotuv\u0117","item":"https:\/\/eshop.pristis.lt\/"},{"@type":"ListItem","position":3,"name":"OptiWatch i\u0161mani\u0173j\u0173 laikrod\u017ei\u0173 stovas su maitinimo \u0161altiniu ir valdymo pulteliu, Optiguard"}]},{"@type":"WebSite","@id":"https:\/\/eshop.pristis.lt\/#website","url":"https:\/\/eshop.pristis.lt\/","name":"PRISTIS eShop","description":"eShop","publisher":{"@id":"https:\/\/eshop.pristis.lt\/#organization"},"potentialAction":[{"@type":"SearchAction","target":{"@type":"EntryPoint","urlTemplate":"https:\/\/eshop.pristis.lt\/?s={search_term_string}"},"query-input":{"@type":"PropertyValueSpecification","valueRequired":true,"valueName":"search_term_string"}}],"inLanguage":"lt-LT"},{"@type":"Organization","@id":"https:\/\/eshop.pristis.lt\/#organization","name":"PRISTIS eShop","url":"https:\/\/eshop.pristis.lt\/","logo":{"@type":"ImageObject","inLanguage":"lt-LT","@id":"https:\/\/eshop.pristis.lt\/#\/schema\/logo\/image\/","url":"https:\/\/eshop.pristis.lt\/wp-content\/uploads\/2024\/01\/PristisLogo-Large.jpg","contentUrl":"https:\/\/eshop.pristis.lt\/wp-content\/uploads\/2024\/01\/PristisLogo-Large.jpg","width":1793,"height":451,"caption":"PRISTIS eShop"},"image":{"@id":"https:\/\/eshop.pristis.lt\/#\/schema\/logo\/image\/"}}]}},"_links":{"self":[{"href":"https:\/\/eshop.pristis.lt\/index.php\/wp-json\/wp\/v2\/product\/4003","targetHints":{"allow":["GET"]}}],"collection":[{"href":"https:\/\/eshop.pristis.lt\/index.php\/wp-json\/wp\/v2\/product"}],"about":[{"href":"https:\/\/eshop.pristis.lt\/index.php\/wp-json\/wp\/v2\/types\/product"}],"wp:featuredmedia":[{"embeddable":true,"href":"https:\/\/eshop.pristis.lt\/index.php\/wp-json\/wp\/v2\/media\/3519"}],"wp:attachment":[{"href":"https:\/\/eshop.pristis.lt\/index.php\/wp-json\/wp\/v2\/media?parent=4003"}],"wp:term":[{"taxonomy":"product_brand","embeddable":true,"href":"https:\/\/eshop.pristis.lt\/index.php\/wp-json\/wp\/v2\/product_brand?post=4003"},{"taxonomy":"product_cat","embeddable":true,"href":"https:\/\/eshop.pristis.lt\/index.php\/wp-json\/wp\/v2\/product_cat?post=4003"},{"taxonomy":"product_tag","embeddable":true,"href":"https:\/\/eshop.pristis.lt\/index.php\/wp-json\/wp\/v2\/product_tag?post=4003"},{"taxonomy":"berocket_brand","embeddable":true,"href":"https:\/\/eshop.pristis.lt\/index.php\/wp-json\/wp\/v2\/berocket_brand?post=4003"}],"curies":[{"name":"wp","href":"https:\/\/api.w.org\/{rel}","templated":true}]}}