{"id":4015,"date":"2024-01-22T10:18:35","date_gmt":"2024-01-22T10:18:35","guid":{"rendered":"https:\/\/eshop.pristis.lt\/?post_type=product&#038;p=4015"},"modified":"2024-01-22T10:18:37","modified_gmt":"2024-01-22T10:18:37","slug":"programine-iranga-luxriot-evo-global","status":"publish","type":"product","link":"https:\/\/eshop.pristis.lt\/index.php\/produktas\/programine-iranga-luxriot-evo-global\/","title":{"rendered":"Programin\u0117 \u012franga Luxriot Evo Global"},"content":{"rendered":"<p><strong>Luxriot Evo Global<\/strong> yra kompleksinis vaizdo steb\u0117jimo ekosistemos sprendimas bet kokio dyd\u017eio \u012fmon\u0117ms, net ir toms, kuri\u0173 filialai yra skirtingose vietose. <strong>Luxriot Evo Global<\/strong> programin\u0117s \u012frangos versija si\u016blo ne tik 64 bit\u0173 greit\u012f ir visas reikalingas priemones, kad sukurtum\u0117te absoliu\u010di\u0105 sistem\u0105, skirt\u0105 greitai reaguoti \u012f \u012fvykius, bet ir sukuria centrin\u0119 vis\u0173 serveri\u0173 valdymo hierarchij\u0105 visiems sistemos komponentams.<\/p>\n<p>Tai yra vienas i\u0161 funkcionaliausi\u0173 <em>enterprise-level<\/em> vaizdo steb\u0117jimo sprendim\u0173 rinkoje, kuriame pateikiami interaktyv\u016bs \u017eem\u0117lapiai, susieti su pavojaus signalais; funkcionalus \u012fvyki\u0173 ir veiksm\u0173 vadovas; analiz\u0117s \u012frankiai; vaizdo sienos palaikymas ir kiti komponentai. Siekdama u\u017etikrinti j\u016bs\u0173 duomen\u0173 saugum\u0105, programin\u0117 \u012franga taip pat si\u016blo Edge Recording funkcij\u0105, skirt\u0105 sinchronizuoti visus duomenis su IP kamer\u0173 saugykla, archyv\u0173 replikavimu, i\u0161pl\u0117stiniu sistemos sveikatos steb\u0117jimu ir avariniu serveri\u0173 perjungimu &#8211; tai suma\u017eins j\u016bs\u0173 vaizdo steb\u0117jimo \u012fra\u0161\u0173 praradim\u0105 iki nulio. Visa tai kartu su \u012fvairiomis pritaikymo galimyb\u0117mis paver\u010dia <strong>Luxriot Evo Global<\/strong> vaizdo steb\u0117jimo sprendimu, kuriuo galite pasikliauti.<\/p>\n<p><strong>Pagrindin\u0117s savyb\u0117s<\/strong><\/p>\n<p><strong>\u2022 64 Bit\u0173 platforma<\/strong><\/p>\n<p>Neb\u0117ra joki\u0173 apribojim\u0173 &#8211; pasinaudokite visu aparat\u016bros paj\u0117gumu naudodamiesi <strong>Luxriot EVO<\/strong> 64 bit\u0173 platforma.<\/p>\n<p><strong>\u2022 Vaizdo siena<\/strong><\/p>\n<p>I\u0161naudokite visas vaizdo sienos galimybes. <strong>Luxriot Evo Video Wall<\/strong> si\u016blo patobulint\u0105 konfig\u016bracij\u0105 ir funkcionalum\u0105, taip pat galimyb\u0119 lengvai valdyti sistemas su dideliu ekran\u0173 kiekiu. Tai gyvybi\u0161kai svarbu eksploatuojant didelio masto vaizdo steb\u0117jimo sistemas, ypa\u010d kai b\u016btina greitai ir lengvai i\u0161tirti teritorij\u0105 ir laiku reaguoti \u012f pavojaus \u012fvykius.<\/p>\n<p><strong>\u2022 Vaizdo \u012fra\u0161\u0173 turinio analiz\u0117<\/strong><\/p>\n<p>I\u0161naudokite visas savo vaizdo steb\u0117jimo sistemos galimybes su vaizdo \u012fra\u0161\u0173 turinio analiz\u0117s pagalba. Tai ne tik pagerina j\u016bs\u0173 steb\u0117jimo funkcionalum\u0105, bet ir leid\u017eia greitai analizuoti didelius duomen\u0173 srautus.<\/p>\n<p><strong>\u2022 I\u0161pl\u0117stin\u0117 \u012fvyki\u0173 ir veiksm\u0173 tvarkykl\u0117<\/strong><\/p>\n<p>Nustatykite, kaip programin\u0117 \u012franga reaguoja \u012f visus kameroje u\u017efiksuotus \u012fvykius ir kaip juos paver\u010dia automatizuotu procesu. Si\u0173skite el. lai\u0161kus, suaktyvinkite DI \/ DO, apjunkite <strong>Luxriot EVO<\/strong> su bet kokia kita programine \u012franga arba tiesiog atkreipkite operatoriaus d\u0117mes\u012f \u012f kamer\u0105, kuriai reikalingi neatid\u0117liotini veiksmai. Funkcija gali b\u016bti naudojama ne tik vienam \u012fvykiui, bet ir nuosekli\u0173 \u012fvyki\u0173 rinkiniui, norint atsikratyti melaging\u0173 pavojaus signal\u0173 ir pagerinti j\u016bs\u0173 steb\u0117jimo sistemos efektyvum\u0105.<\/p>\n<p><strong>\u2022 Sraut\u0173 perdavimo serveris<\/strong><\/p>\n<p>Gaukite nuolatin\u0119 prieig\u0105 prie tiesioginio srauto ir vaizdo \u012fra\u0161\u0173 archyv\u0173, kad ir kur b\u016btum\u0117te pasaulyje. <strong>Luxriot EVO<\/strong> sraut\u0173 perdavimo serveris leid\u017eia greitai ir lengvai pasiekti savo kameras per \u017einiatinklio nar\u0161ykl\u0119 ar mobili\u0105j\u0105 program\u0117l\u0119.<\/p>\n<p><strong>\u2022 Edge Recording<\/strong><\/p>\n<p>Sinchronizuokite visus duomenis su IP kamer\u0173 vidine saugykla. Tai atlikus, net jei nutr\u016bksta tinklo ry\u0161ys, kamera vis tiek \u012fra\u0161ys j\u016bs\u0173 duomenis. Kai tik bus atkurtas tinklo ry\u0161ys, vaizdo \u012fra\u0161as bus perkeltas \u012f j\u016bs\u0173 server\u012f.<\/p>\n<p><strong>\u2022 I\u0161pl\u0117stinis sistemos sveikatos steb\u0117jimas<\/strong><\/p>\n<p>Nuolatos steb\u0117kite savo \u012frenginius, suma\u017eindami nepatogi\u0173 netik\u0117tum\u0173 rizik\u0105, ir kontroliuokite visos vaizdo steb\u0117jimo sistemos b\u016bkl\u0119.<\/p>\n<p><strong>\u2022 Organizacijos hierarchija<\/strong><\/p>\n<p>\u0160is funkcionalumas leid\u017eia sukurti labiau strukt\u016brizuot\u0105 sistemos teisi\u0173 ir privilegij\u0173 hierarchij\u0105 tarp organizacijos vartotoj\u0173. Grup\u0117s administratoriaus (arba antrinio administratoriaus) teis\u0117s taip pat yra konkre\u010dios kiekvienai grupei, taigi galioja tik pasirinktai kamer\u0173 ir serveri\u0173 sri\u010diai.<\/p>\n<p><strong>\u2022 Failover<\/strong><\/p>\n<p>Automatinis sistemos atk\u016brimas staiga sugedus serveriui. <strong>Luxriot Evo Global<\/strong> atid\u017eiai stebi vis\u0173 serveri\u0173 operacijas ir, jei nustatoma, kad kuris nors i\u0161 serveri\u0173 sugedo, greitai suaktyvina atsargin\u012f server\u012f, kad atlikt\u0173 veiksmus, kuriuos veik\u0117 netinkamai veikiantis serveris prie\u0161 sugedus.<\/p>\n<p><strong>\u2022 \u017dem\u0117lapiai<\/strong><\/p>\n<p>\u0160i vaizdin\u0117 ap\u017evalga pateikia tikslias vis\u0173 j\u016bs\u0173 vaizdo kamer\u0173 \u012frengimo vietas ir suteikia galimyb\u0119 nedelsiant prie j\u0173 prisijungti. Visi prane\u0161imai yra integruoti \u012f \u017eem\u0117lapius ir gali b\u016bti sukonfig\u016bruoti taip, kad juos b\u016bt\u0173 galima per\u017ei\u016br\u0117ti ap\u017evalgoje \u2013 tokiu b\u016bdu galite i\u0161kart nustatyti pavojaus \u012fvykio viet\u0105.<\/p>\n<p><strong>Papildomi Luxriot Evo moduliai<\/strong><\/p>\n<p><strong>\u2022 <a href=\"https:\/\/eshop.pristis.lt\/product\/automobiliu-valstybiniu-numeriu-nuskaitymo-modulis-luxriot-lpr\/\">Luxriot LPR<\/a><\/strong> &#8211; Automobili\u0173 valstybini\u0173 numeri\u0173 nuskaitymo modulis<\/p>\n<p><strong>\u2022 <a href=\"https:\/\/eshop.pristis.lt\/product\/veidu-atpazinimo-modulis-luxriot-fr\/\">Luxriot FR<\/a><\/strong> &#8211; Veid\u0173 atpa\u017einimo modulis<\/p>\n<p><strong>\u2022 <a href=\"https:\/\/eshop.pristis.lt\/product\/vaizdo-analitikos-modulis-luxriot-vca\/\">Luxriot VCA<\/a><\/strong> &#8211; Vaizdo analitikos modulis<\/p>\n<p><strong>\u2022 <a href=\"https:\/\/eshop.pristis.lt\/product\/luxriot-api-modulis\/\">Luxriot API<\/a><\/strong> modulis<\/p>\n","protected":false},"excerpt":{"rendered":"<p>Luxriot Evo Global<\/p>\n","protected":false},"featured_media":3539,"template":"","meta":[],"product_brand":[],"product_cat":[111],"product_tag":[],"berocket_brand":[144],"class_list":{"0":"post-4015","1":"product","2":"type-product","3":"status-publish","4":"has-post-thumbnail","6":"product_cat-programine-iranga-vaizdo-stebejimo-sistema-2","7":"berocket_brand-luxriot","9":"first","10":"onbackorder","11":"taxable","12":"shipping-taxable","13":"product-type-simple"},"yoast_head":"<!-- This site is optimized with the Yoast SEO plugin v27.5 - https:\/\/yoast.com\/product\/yoast-seo-wordpress\/ -->\n<title>Programin\u0117 \u012franga Luxriot Evo Global - eShop<\/title>\n<meta name=\"robots\" content=\"index, follow, max-snippet:-1, max-image-preview:large, max-video-preview:-1\" \/>\n<link rel=\"canonical\" href=\"https:\/\/eshop.pristis.lt\/index.php\/produktas\/programine-iranga-luxriot-evo-global\/\" \/>\n<meta property=\"og:locale\" content=\"lt_LT\" \/>\n<meta property=\"og:type\" content=\"article\" \/>\n<meta property=\"og:title\" content=\"Programin\u0117 \u012franga Luxriot Evo Global - eShop\" \/>\n<meta property=\"og:description\" content=\"Luxriot Evo Global\" \/>\n<meta property=\"og:url\" content=\"https:\/\/eshop.pristis.lt\/index.php\/produktas\/programine-iranga-luxriot-evo-global\/\" \/>\n<meta property=\"og:site_name\" content=\"eShop\" \/>\n<meta property=\"article:modified_time\" content=\"2024-01-22T10:18:37+00:00\" \/>\n<meta property=\"og:image\" content=\"https:\/\/eshop.pristis.lt\/wp-content\/uploads\/2024\/01\/icon-Luxriot-Evo-Global-1.jpg\" \/>\n\t<meta property=\"og:image:width\" content=\"256\" \/>\n\t<meta property=\"og:image:height\" content=\"256\" \/>\n\t<meta property=\"og:image:type\" content=\"image\/jpeg\" \/>\n<meta name=\"twitter:card\" content=\"summary_large_image\" \/>\n<meta name=\"twitter:label1\" content=\"Est. reading time\" \/>\n\t<meta name=\"twitter:data1\" content=\"3 minut\u0117s\" \/>\n<script type=\"application\/ld+json\" class=\"yoast-schema-graph\">{\"@context\":\"https:\\\/\\\/schema.org\",\"@graph\":[{\"@type\":\"WebPage\",\"@id\":\"https:\\\/\\\/eshop.pristis.lt\\\/index.php\\\/produktas\\\/programine-iranga-luxriot-evo-global\\\/\",\"url\":\"https:\\\/\\\/eshop.pristis.lt\\\/index.php\\\/produktas\\\/programine-iranga-luxriot-evo-global\\\/\",\"name\":\"Programin\u0117 \u012franga Luxriot Evo Global - eShop\",\"isPartOf\":{\"@id\":\"https:\\\/\\\/eshop.pristis.lt\\\/#website\"},\"primaryImageOfPage\":{\"@id\":\"https:\\\/\\\/eshop.pristis.lt\\\/index.php\\\/produktas\\\/programine-iranga-luxriot-evo-global\\\/#primaryimage\"},\"image\":{\"@id\":\"https:\\\/\\\/eshop.pristis.lt\\\/index.php\\\/produktas\\\/programine-iranga-luxriot-evo-global\\\/#primaryimage\"},\"thumbnailUrl\":\"https:\\\/\\\/eshop.pristis.lt\\\/wp-content\\\/uploads\\\/2024\\\/01\\\/icon-Luxriot-Evo-Global-1.jpg\",\"datePublished\":\"2024-01-22T10:18:35+00:00\",\"dateModified\":\"2024-01-22T10:18:37+00:00\",\"breadcrumb\":{\"@id\":\"https:\\\/\\\/eshop.pristis.lt\\\/index.php\\\/produktas\\\/programine-iranga-luxriot-evo-global\\\/#breadcrumb\"},\"inLanguage\":\"lt-LT\",\"potentialAction\":[{\"@type\":\"ReadAction\",\"target\":[\"https:\\\/\\\/eshop.pristis.lt\\\/index.php\\\/produktas\\\/programine-iranga-luxriot-evo-global\\\/\"]}]},{\"@type\":\"ImageObject\",\"inLanguage\":\"lt-LT\",\"@id\":\"https:\\\/\\\/eshop.pristis.lt\\\/index.php\\\/produktas\\\/programine-iranga-luxriot-evo-global\\\/#primaryimage\",\"url\":\"https:\\\/\\\/eshop.pristis.lt\\\/wp-content\\\/uploads\\\/2024\\\/01\\\/icon-Luxriot-Evo-Global-1.jpg\",\"contentUrl\":\"https:\\\/\\\/eshop.pristis.lt\\\/wp-content\\\/uploads\\\/2024\\\/01\\\/icon-Luxriot-Evo-Global-1.jpg\",\"width\":256,\"height\":256},{\"@type\":\"BreadcrumbList\",\"@id\":\"https:\\\/\\\/eshop.pristis.lt\\\/index.php\\\/produktas\\\/programine-iranga-luxriot-evo-global\\\/#breadcrumb\",\"itemListElement\":[{\"@type\":\"ListItem\",\"position\":1,\"name\":\"Home\",\"item\":\"https:\\\/\\\/eshop.pristis.lt\\\/\"},{\"@type\":\"ListItem\",\"position\":2,\"name\":\"Parduotuv\u0117\",\"item\":\"https:\\\/\\\/eshop.pristis.lt\\\/\"},{\"@type\":\"ListItem\",\"position\":3,\"name\":\"Programin\u0117 \u012franga Luxriot Evo Global\"}]},{\"@type\":\"WebSite\",\"@id\":\"https:\\\/\\\/eshop.pristis.lt\\\/#website\",\"url\":\"https:\\\/\\\/eshop.pristis.lt\\\/\",\"name\":\"PRISTIS eShop\",\"description\":\"eShop\",\"publisher\":{\"@id\":\"https:\\\/\\\/eshop.pristis.lt\\\/#organization\"},\"potentialAction\":[{\"@type\":\"SearchAction\",\"target\":{\"@type\":\"EntryPoint\",\"urlTemplate\":\"https:\\\/\\\/eshop.pristis.lt\\\/?s={search_term_string}\"},\"query-input\":{\"@type\":\"PropertyValueSpecification\",\"valueRequired\":true,\"valueName\":\"search_term_string\"}}],\"inLanguage\":\"lt-LT\"},{\"@type\":\"Organization\",\"@id\":\"https:\\\/\\\/eshop.pristis.lt\\\/#organization\",\"name\":\"PRISTIS eShop\",\"url\":\"https:\\\/\\\/eshop.pristis.lt\\\/\",\"logo\":{\"@type\":\"ImageObject\",\"inLanguage\":\"lt-LT\",\"@id\":\"https:\\\/\\\/eshop.pristis.lt\\\/#\\\/schema\\\/logo\\\/image\\\/\",\"url\":\"https:\\\/\\\/eshop.pristis.lt\\\/wp-content\\\/uploads\\\/2024\\\/01\\\/PristisLogo-Large.jpg\",\"contentUrl\":\"https:\\\/\\\/eshop.pristis.lt\\\/wp-content\\\/uploads\\\/2024\\\/01\\\/PristisLogo-Large.jpg\",\"width\":1793,\"height\":451,\"caption\":\"PRISTIS eShop\"},\"image\":{\"@id\":\"https:\\\/\\\/eshop.pristis.lt\\\/#\\\/schema\\\/logo\\\/image\\\/\"}}]}<\/script>\n<!-- \/ Yoast SEO plugin. -->","yoast_head_json":{"title":"Programin\u0117 \u012franga Luxriot Evo Global - eShop","robots":{"index":"index","follow":"follow","max-snippet":"max-snippet:-1","max-image-preview":"max-image-preview:large","max-video-preview":"max-video-preview:-1"},"canonical":"https:\/\/eshop.pristis.lt\/index.php\/produktas\/programine-iranga-luxriot-evo-global\/","og_locale":"lt_LT","og_type":"article","og_title":"Programin\u0117 \u012franga Luxriot Evo Global - eShop","og_description":"Luxriot Evo Global","og_url":"https:\/\/eshop.pristis.lt\/index.php\/produktas\/programine-iranga-luxriot-evo-global\/","og_site_name":"eShop","article_modified_time":"2024-01-22T10:18:37+00:00","og_image":[{"width":256,"height":256,"url":"https:\/\/eshop.pristis.lt\/wp-content\/uploads\/2024\/01\/icon-Luxriot-Evo-Global-1.jpg","type":"image\/jpeg"}],"twitter_card":"summary_large_image","twitter_misc":{"Est. reading time":"3 minut\u0117s"},"schema":{"@context":"https:\/\/schema.org","@graph":[{"@type":"WebPage","@id":"https:\/\/eshop.pristis.lt\/index.php\/produktas\/programine-iranga-luxriot-evo-global\/","url":"https:\/\/eshop.pristis.lt\/index.php\/produktas\/programine-iranga-luxriot-evo-global\/","name":"Programin\u0117 \u012franga Luxriot Evo Global - eShop","isPartOf":{"@id":"https:\/\/eshop.pristis.lt\/#website"},"primaryImageOfPage":{"@id":"https:\/\/eshop.pristis.lt\/index.php\/produktas\/programine-iranga-luxriot-evo-global\/#primaryimage"},"image":{"@id":"https:\/\/eshop.pristis.lt\/index.php\/produktas\/programine-iranga-luxriot-evo-global\/#primaryimage"},"thumbnailUrl":"https:\/\/eshop.pristis.lt\/wp-content\/uploads\/2024\/01\/icon-Luxriot-Evo-Global-1.jpg","datePublished":"2024-01-22T10:18:35+00:00","dateModified":"2024-01-22T10:18:37+00:00","breadcrumb":{"@id":"https:\/\/eshop.pristis.lt\/index.php\/produktas\/programine-iranga-luxriot-evo-global\/#breadcrumb"},"inLanguage":"lt-LT","potentialAction":[{"@type":"ReadAction","target":["https:\/\/eshop.pristis.lt\/index.php\/produktas\/programine-iranga-luxriot-evo-global\/"]}]},{"@type":"ImageObject","inLanguage":"lt-LT","@id":"https:\/\/eshop.pristis.lt\/index.php\/produktas\/programine-iranga-luxriot-evo-global\/#primaryimage","url":"https:\/\/eshop.pristis.lt\/wp-content\/uploads\/2024\/01\/icon-Luxriot-Evo-Global-1.jpg","contentUrl":"https:\/\/eshop.pristis.lt\/wp-content\/uploads\/2024\/01\/icon-Luxriot-Evo-Global-1.jpg","width":256,"height":256},{"@type":"BreadcrumbList","@id":"https:\/\/eshop.pristis.lt\/index.php\/produktas\/programine-iranga-luxriot-evo-global\/#breadcrumb","itemListElement":[{"@type":"ListItem","position":1,"name":"Home","item":"https:\/\/eshop.pristis.lt\/"},{"@type":"ListItem","position":2,"name":"Parduotuv\u0117","item":"https:\/\/eshop.pristis.lt\/"},{"@type":"ListItem","position":3,"name":"Programin\u0117 \u012franga Luxriot Evo Global"}]},{"@type":"WebSite","@id":"https:\/\/eshop.pristis.lt\/#website","url":"https:\/\/eshop.pristis.lt\/","name":"PRISTIS eShop","description":"eShop","publisher":{"@id":"https:\/\/eshop.pristis.lt\/#organization"},"potentialAction":[{"@type":"SearchAction","target":{"@type":"EntryPoint","urlTemplate":"https:\/\/eshop.pristis.lt\/?s={search_term_string}"},"query-input":{"@type":"PropertyValueSpecification","valueRequired":true,"valueName":"search_term_string"}}],"inLanguage":"lt-LT"},{"@type":"Organization","@id":"https:\/\/eshop.pristis.lt\/#organization","name":"PRISTIS eShop","url":"https:\/\/eshop.pristis.lt\/","logo":{"@type":"ImageObject","inLanguage":"lt-LT","@id":"https:\/\/eshop.pristis.lt\/#\/schema\/logo\/image\/","url":"https:\/\/eshop.pristis.lt\/wp-content\/uploads\/2024\/01\/PristisLogo-Large.jpg","contentUrl":"https:\/\/eshop.pristis.lt\/wp-content\/uploads\/2024\/01\/PristisLogo-Large.jpg","width":1793,"height":451,"caption":"PRISTIS eShop"},"image":{"@id":"https:\/\/eshop.pristis.lt\/#\/schema\/logo\/image\/"}}]}},"_links":{"self":[{"href":"https:\/\/eshop.pristis.lt\/index.php\/wp-json\/wp\/v2\/product\/4015","targetHints":{"allow":["GET"]}}],"collection":[{"href":"https:\/\/eshop.pristis.lt\/index.php\/wp-json\/wp\/v2\/product"}],"about":[{"href":"https:\/\/eshop.pristis.lt\/index.php\/wp-json\/wp\/v2\/types\/product"}],"wp:featuredmedia":[{"embeddable":true,"href":"https:\/\/eshop.pristis.lt\/index.php\/wp-json\/wp\/v2\/media\/3539"}],"wp:attachment":[{"href":"https:\/\/eshop.pristis.lt\/index.php\/wp-json\/wp\/v2\/media?parent=4015"}],"wp:term":[{"taxonomy":"product_brand","embeddable":true,"href":"https:\/\/eshop.pristis.lt\/index.php\/wp-json\/wp\/v2\/product_brand?post=4015"},{"taxonomy":"product_cat","embeddable":true,"href":"https:\/\/eshop.pristis.lt\/index.php\/wp-json\/wp\/v2\/product_cat?post=4015"},{"taxonomy":"product_tag","embeddable":true,"href":"https:\/\/eshop.pristis.lt\/index.php\/wp-json\/wp\/v2\/product_tag?post=4015"},{"taxonomy":"berocket_brand","embeddable":true,"href":"https:\/\/eshop.pristis.lt\/index.php\/wp-json\/wp\/v2\/berocket_brand?post=4015"}],"curies":[{"name":"wp","href":"https:\/\/api.w.org\/{rel}","templated":true}]}}