{"id":4016,"date":"2024-01-22T10:18:35","date_gmt":"2024-01-22T10:18:35","guid":{"rendered":"https:\/\/eshop.pristis.lt\/?post_type=product&#038;p=4016"},"modified":"2024-01-22T10:18:37","modified_gmt":"2024-01-22T10:18:37","slug":"programine-iranga-luxriot-evo-s","status":"publish","type":"product","link":"https:\/\/eshop.pristis.lt\/index.php\/produktas\/programine-iranga-luxriot-evo-s\/","title":{"rendered":"Programin\u0117 \u012franga Luxriot Evo S"},"content":{"rendered":"<p><strong>Luxriot Evo S<\/strong> yra naujos kartos programin\u0117s \u012frangos sprendimas, kuris tenkins auk\u0161\u010diausius j\u016bs\u0173 \u012fmon\u0117s saugos poreikius. Sistema turi atvir\u0105 architekt\u016br\u0105 ir gali b\u016bti integruota su \u012f\u0117jimo kontrol\u0117s, apsaugos ir prie\u0161gaisrin\u0117s signalizacijos sistemomis. Daugiafunkcin\u0117 ir moderni <strong>Luxriot Evo S<\/strong> palaiko daugiau nei 5000 pagrindini\u0173 gamintoj\u0173 vaizdo kamer\u0173 ir kit\u0173 tinklo \u012frengini\u0173. Programin\u0117 \u012franga skirta vieno serverio steb\u0117jimo sistemoms, turi neribot\u0105 kanal\u0173 licencij\u0105, ir leid\u017eia naudoti hibridinius sprendimus.<\/p>\n<p><strong>Pagrindin\u0117s savyb\u0117s<\/strong><\/p>\n<p><strong>\u2022 64 Bit\u0173 platforma<\/strong><\/p>\n<p>Neb\u0117ra joki\u0173 apribojim\u0173 &#8211; pasinaudokite visu aparat\u016bros paj\u0117gumu naudodamiesi <strong>Luxriot EVO<\/strong> 64 bit\u0173 platforma.<\/p>\n<p><strong>\u2022 Vaizdo \u012fra\u0161\u0173 turinio analiz\u0117<\/strong><\/p>\n<p>I\u0161naudokite visas savo vaizdo steb\u0117jimo sistemos galimybes su vaizdo \u012fra\u0161\u0173 turinio analiz\u0117s pagalba. Tai ne tik pagerina j\u016bs\u0173 steb\u0117jimo funkcionalum\u0105, bet ir leid\u017eia greitai analizuoti didelius duomen\u0173 srautus.<\/p>\n<p><strong>\u2022 I\u0161pl\u0117stin\u0117 \u012fvyki\u0173 ir veiksm\u0173 tvarkykl\u0117<\/strong><\/p>\n<p>Nustatykite, kaip programin\u0117 \u012franga reaguoja \u012f visus kameroje u\u017efiksuotus \u012fvykius ir kaip juos paver\u010dia automatizuotu procesu. Si\u0173skite el. lai\u0161kus, suaktyvinkite DI \/ DO, apjunkite <strong>Luxriot EVO<\/strong> su bet kokia kita programine \u012franga arba tiesiog atkreipkite operatoriaus d\u0117mes\u012f \u012f kamer\u0105, kuriai reikalingi neatid\u0117liotini veiksmai. Funkcija gali b\u016bti naudojama ne tik vienam \u012fvykiui, bet ir nuosekli\u0173 \u012fvyki\u0173 rinkiniui, norint i\u0161vengti melaging\u0173 pavojaus signal\u0173 ir pagerinti j\u016bs\u0173 steb\u0117jimo sistemos efektyvum\u0105.<\/p>\n<p><strong>\u2022 Sraut\u0173 perdavimo serveris<\/strong><\/p>\n<p>Gaukite nuolatin\u0119 prieig\u0105 prie tiesioginio srauto ir vaizdo \u012fra\u0161\u0173 archyv\u0173, kad ir kur b\u016btum\u0117te pasaulyje. <strong>Luxriot EVO<\/strong> sraut\u0173 perdavimo serveris leid\u017eia greitai ir lengvai pasiekti savo kameras per \u017einiatinklio nar\u0161ykl\u0119 ar mobili\u0105j\u0105 program\u0117l\u0119.<\/p>\n<p><strong>\u2022 Edge Recording<\/strong><\/p>\n<p>Sinchronizuokite visus duomenis su IP kamer\u0173 vidine saugykla. Tai atlikus, net jei nutr\u016bksta tinklo ry\u0161ys, kamera vis tiek \u012fra\u0161ys j\u016bs\u0173 duomenis. Kai tik bus atkurtas tinklo ry\u0161ys, vaizdo \u012fra\u0161as bus perkeltas \u012f j\u016bs\u0173 server\u012f.<\/p>\n<p><strong>\u2022 \u017dem\u0117lapiai<\/strong><\/p>\n<p>\u0160i vaizdin\u0117 ap\u017evalga pateikia tikslias vis\u0173 j\u016bs\u0173 vaizdo kamer\u0173 \u012frengimo vietas ir suteikia galimyb\u0119 nedelsiant prie j\u0173 prisijungti. Visi prane\u0161imai yra integruoti \u012f \u017eem\u0117lapius ir gali b\u016bti sukonfig\u016bruoti taip, kad juos b\u016bt\u0173 galima per\u017ei\u016br\u0117ti ap\u017evalgoje \u2013 tokiu b\u016bdu galite i\u0161kart nustatyti pavojaus \u012fvykio viet\u0105.<\/p>\n<p>Ie\u0161kote <em>Enterprise<\/em> lygio sprendimo? \u017dr. <a href=\"https:\/\/eshop.pristis.lt\/product\/programine-iranga-luxriot-evo-global\/\"><strong>Luxriot Evo Global<\/strong><\/a> programin\u0117s \u012frangos versij\u0105.<\/p>\n<p><strong>Papildomi Luxriot Evo moduliai<\/strong><\/p>\n<p><strong>\u2022 <a href=\"https:\/\/eshop.pristis.lt\/product\/automobiliu-valstybiniu-numeriu-nuskaitymo-modulis-luxriot-lpr\/\">Luxriot LPR<\/a><\/strong> &#8211; Automobili\u0173 valstybini\u0173 numeri\u0173 nuskaitymo modulis<\/p>\n<p><strong>\u2022 <a href=\"https:\/\/eshop.pristis.lt\/product\/veidu-atpazinimo-modulis-luxriot-fr\/\">Luxriot FR<\/a><\/strong> &#8211; Veid\u0173 atpa\u017einimo modulis<\/p>\n<p><strong>\u2022 <a href=\"https:\/\/eshop.pristis.lt\/product\/vaizdo-analitikos-modulis-luxriot-vca\/\">Luxriot VCA<\/a><\/strong> &#8211; Vaizdo analitikos modulis<\/p>\n<p><strong>\u2022 <a href=\"https:\/\/eshop.pristis.lt\/product\/luxriot-api-modulis\/\">Luxriot API<\/a><\/strong> modulis<\/p>\n","protected":false},"excerpt":{"rendered":"<p>Luxriot Evo S<\/p>\n","protected":false},"featured_media":3540,"template":"","meta":[],"product_brand":[],"product_cat":[111],"product_tag":[],"berocket_brand":[144],"class_list":{"0":"post-4016","1":"product","2":"type-product","3":"status-publish","4":"has-post-thumbnail","6":"product_cat-programine-iranga-vaizdo-stebejimo-sistema-2","7":"berocket_brand-luxriot","9":"first","10":"onbackorder","11":"taxable","12":"shipping-taxable","13":"product-type-simple"},"yoast_head":"<!-- This site is optimized with the Yoast SEO plugin v27.5 - https:\/\/yoast.com\/product\/yoast-seo-wordpress\/ -->\n<title>Programin\u0117 \u012franga Luxriot Evo S - eShop<\/title>\n<meta name=\"robots\" content=\"index, follow, max-snippet:-1, max-image-preview:large, max-video-preview:-1\" \/>\n<link rel=\"canonical\" href=\"https:\/\/eshop.pristis.lt\/index.php\/produktas\/programine-iranga-luxriot-evo-s\/\" \/>\n<meta property=\"og:locale\" content=\"lt_LT\" \/>\n<meta property=\"og:type\" content=\"article\" \/>\n<meta property=\"og:title\" content=\"Programin\u0117 \u012franga Luxriot Evo S - eShop\" \/>\n<meta property=\"og:description\" content=\"Luxriot Evo S\" \/>\n<meta property=\"og:url\" content=\"https:\/\/eshop.pristis.lt\/index.php\/produktas\/programine-iranga-luxriot-evo-s\/\" \/>\n<meta property=\"og:site_name\" content=\"eShop\" \/>\n<meta property=\"article:modified_time\" content=\"2024-01-22T10:18:37+00:00\" \/>\n<meta property=\"og:image\" content=\"https:\/\/eshop.pristis.lt\/wp-content\/uploads\/2024\/01\/icon-Luxriot-Evo-S.jpg\" \/>\n\t<meta property=\"og:image:width\" content=\"256\" \/>\n\t<meta property=\"og:image:height\" content=\"256\" \/>\n\t<meta property=\"og:image:type\" content=\"image\/jpeg\" \/>\n<meta name=\"twitter:card\" content=\"summary_large_image\" \/>\n<meta name=\"twitter:label1\" content=\"Est. reading time\" \/>\n\t<meta name=\"twitter:data1\" content=\"2 minut\u0117s\" \/>\n<script type=\"application\/ld+json\" class=\"yoast-schema-graph\">{\"@context\":\"https:\\\/\\\/schema.org\",\"@graph\":[{\"@type\":\"WebPage\",\"@id\":\"https:\\\/\\\/eshop.pristis.lt\\\/index.php\\\/produktas\\\/programine-iranga-luxriot-evo-s\\\/\",\"url\":\"https:\\\/\\\/eshop.pristis.lt\\\/index.php\\\/produktas\\\/programine-iranga-luxriot-evo-s\\\/\",\"name\":\"Programin\u0117 \u012franga Luxriot Evo S - eShop\",\"isPartOf\":{\"@id\":\"https:\\\/\\\/eshop.pristis.lt\\\/#website\"},\"primaryImageOfPage\":{\"@id\":\"https:\\\/\\\/eshop.pristis.lt\\\/index.php\\\/produktas\\\/programine-iranga-luxriot-evo-s\\\/#primaryimage\"},\"image\":{\"@id\":\"https:\\\/\\\/eshop.pristis.lt\\\/index.php\\\/produktas\\\/programine-iranga-luxriot-evo-s\\\/#primaryimage\"},\"thumbnailUrl\":\"https:\\\/\\\/eshop.pristis.lt\\\/wp-content\\\/uploads\\\/2024\\\/01\\\/icon-Luxriot-Evo-S.jpg\",\"datePublished\":\"2024-01-22T10:18:35+00:00\",\"dateModified\":\"2024-01-22T10:18:37+00:00\",\"breadcrumb\":{\"@id\":\"https:\\\/\\\/eshop.pristis.lt\\\/index.php\\\/produktas\\\/programine-iranga-luxriot-evo-s\\\/#breadcrumb\"},\"inLanguage\":\"lt-LT\",\"potentialAction\":[{\"@type\":\"ReadAction\",\"target\":[\"https:\\\/\\\/eshop.pristis.lt\\\/index.php\\\/produktas\\\/programine-iranga-luxriot-evo-s\\\/\"]}]},{\"@type\":\"ImageObject\",\"inLanguage\":\"lt-LT\",\"@id\":\"https:\\\/\\\/eshop.pristis.lt\\\/index.php\\\/produktas\\\/programine-iranga-luxriot-evo-s\\\/#primaryimage\",\"url\":\"https:\\\/\\\/eshop.pristis.lt\\\/wp-content\\\/uploads\\\/2024\\\/01\\\/icon-Luxriot-Evo-S.jpg\",\"contentUrl\":\"https:\\\/\\\/eshop.pristis.lt\\\/wp-content\\\/uploads\\\/2024\\\/01\\\/icon-Luxriot-Evo-S.jpg\",\"width\":256,\"height\":256},{\"@type\":\"BreadcrumbList\",\"@id\":\"https:\\\/\\\/eshop.pristis.lt\\\/index.php\\\/produktas\\\/programine-iranga-luxriot-evo-s\\\/#breadcrumb\",\"itemListElement\":[{\"@type\":\"ListItem\",\"position\":1,\"name\":\"Home\",\"item\":\"https:\\\/\\\/eshop.pristis.lt\\\/\"},{\"@type\":\"ListItem\",\"position\":2,\"name\":\"Parduotuv\u0117\",\"item\":\"https:\\\/\\\/eshop.pristis.lt\\\/\"},{\"@type\":\"ListItem\",\"position\":3,\"name\":\"Programin\u0117 \u012franga Luxriot Evo S\"}]},{\"@type\":\"WebSite\",\"@id\":\"https:\\\/\\\/eshop.pristis.lt\\\/#website\",\"url\":\"https:\\\/\\\/eshop.pristis.lt\\\/\",\"name\":\"PRISTIS eShop\",\"description\":\"eShop\",\"publisher\":{\"@id\":\"https:\\\/\\\/eshop.pristis.lt\\\/#organization\"},\"potentialAction\":[{\"@type\":\"SearchAction\",\"target\":{\"@type\":\"EntryPoint\",\"urlTemplate\":\"https:\\\/\\\/eshop.pristis.lt\\\/?s={search_term_string}\"},\"query-input\":{\"@type\":\"PropertyValueSpecification\",\"valueRequired\":true,\"valueName\":\"search_term_string\"}}],\"inLanguage\":\"lt-LT\"},{\"@type\":\"Organization\",\"@id\":\"https:\\\/\\\/eshop.pristis.lt\\\/#organization\",\"name\":\"PRISTIS eShop\",\"url\":\"https:\\\/\\\/eshop.pristis.lt\\\/\",\"logo\":{\"@type\":\"ImageObject\",\"inLanguage\":\"lt-LT\",\"@id\":\"https:\\\/\\\/eshop.pristis.lt\\\/#\\\/schema\\\/logo\\\/image\\\/\",\"url\":\"https:\\\/\\\/eshop.pristis.lt\\\/wp-content\\\/uploads\\\/2024\\\/01\\\/PristisLogo-Large.jpg\",\"contentUrl\":\"https:\\\/\\\/eshop.pristis.lt\\\/wp-content\\\/uploads\\\/2024\\\/01\\\/PristisLogo-Large.jpg\",\"width\":1793,\"height\":451,\"caption\":\"PRISTIS eShop\"},\"image\":{\"@id\":\"https:\\\/\\\/eshop.pristis.lt\\\/#\\\/schema\\\/logo\\\/image\\\/\"}}]}<\/script>\n<!-- \/ Yoast SEO plugin. -->","yoast_head_json":{"title":"Programin\u0117 \u012franga Luxriot Evo S - eShop","robots":{"index":"index","follow":"follow","max-snippet":"max-snippet:-1","max-image-preview":"max-image-preview:large","max-video-preview":"max-video-preview:-1"},"canonical":"https:\/\/eshop.pristis.lt\/index.php\/produktas\/programine-iranga-luxriot-evo-s\/","og_locale":"lt_LT","og_type":"article","og_title":"Programin\u0117 \u012franga Luxriot Evo S - eShop","og_description":"Luxriot Evo S","og_url":"https:\/\/eshop.pristis.lt\/index.php\/produktas\/programine-iranga-luxriot-evo-s\/","og_site_name":"eShop","article_modified_time":"2024-01-22T10:18:37+00:00","og_image":[{"width":256,"height":256,"url":"https:\/\/eshop.pristis.lt\/wp-content\/uploads\/2024\/01\/icon-Luxriot-Evo-S.jpg","type":"image\/jpeg"}],"twitter_card":"summary_large_image","twitter_misc":{"Est. reading time":"2 minut\u0117s"},"schema":{"@context":"https:\/\/schema.org","@graph":[{"@type":"WebPage","@id":"https:\/\/eshop.pristis.lt\/index.php\/produktas\/programine-iranga-luxriot-evo-s\/","url":"https:\/\/eshop.pristis.lt\/index.php\/produktas\/programine-iranga-luxriot-evo-s\/","name":"Programin\u0117 \u012franga Luxriot Evo S - eShop","isPartOf":{"@id":"https:\/\/eshop.pristis.lt\/#website"},"primaryImageOfPage":{"@id":"https:\/\/eshop.pristis.lt\/index.php\/produktas\/programine-iranga-luxriot-evo-s\/#primaryimage"},"image":{"@id":"https:\/\/eshop.pristis.lt\/index.php\/produktas\/programine-iranga-luxriot-evo-s\/#primaryimage"},"thumbnailUrl":"https:\/\/eshop.pristis.lt\/wp-content\/uploads\/2024\/01\/icon-Luxriot-Evo-S.jpg","datePublished":"2024-01-22T10:18:35+00:00","dateModified":"2024-01-22T10:18:37+00:00","breadcrumb":{"@id":"https:\/\/eshop.pristis.lt\/index.php\/produktas\/programine-iranga-luxriot-evo-s\/#breadcrumb"},"inLanguage":"lt-LT","potentialAction":[{"@type":"ReadAction","target":["https:\/\/eshop.pristis.lt\/index.php\/produktas\/programine-iranga-luxriot-evo-s\/"]}]},{"@type":"ImageObject","inLanguage":"lt-LT","@id":"https:\/\/eshop.pristis.lt\/index.php\/produktas\/programine-iranga-luxriot-evo-s\/#primaryimage","url":"https:\/\/eshop.pristis.lt\/wp-content\/uploads\/2024\/01\/icon-Luxriot-Evo-S.jpg","contentUrl":"https:\/\/eshop.pristis.lt\/wp-content\/uploads\/2024\/01\/icon-Luxriot-Evo-S.jpg","width":256,"height":256},{"@type":"BreadcrumbList","@id":"https:\/\/eshop.pristis.lt\/index.php\/produktas\/programine-iranga-luxriot-evo-s\/#breadcrumb","itemListElement":[{"@type":"ListItem","position":1,"name":"Home","item":"https:\/\/eshop.pristis.lt\/"},{"@type":"ListItem","position":2,"name":"Parduotuv\u0117","item":"https:\/\/eshop.pristis.lt\/"},{"@type":"ListItem","position":3,"name":"Programin\u0117 \u012franga Luxriot Evo S"}]},{"@type":"WebSite","@id":"https:\/\/eshop.pristis.lt\/#website","url":"https:\/\/eshop.pristis.lt\/","name":"PRISTIS eShop","description":"eShop","publisher":{"@id":"https:\/\/eshop.pristis.lt\/#organization"},"potentialAction":[{"@type":"SearchAction","target":{"@type":"EntryPoint","urlTemplate":"https:\/\/eshop.pristis.lt\/?s={search_term_string}"},"query-input":{"@type":"PropertyValueSpecification","valueRequired":true,"valueName":"search_term_string"}}],"inLanguage":"lt-LT"},{"@type":"Organization","@id":"https:\/\/eshop.pristis.lt\/#organization","name":"PRISTIS eShop","url":"https:\/\/eshop.pristis.lt\/","logo":{"@type":"ImageObject","inLanguage":"lt-LT","@id":"https:\/\/eshop.pristis.lt\/#\/schema\/logo\/image\/","url":"https:\/\/eshop.pristis.lt\/wp-content\/uploads\/2024\/01\/PristisLogo-Large.jpg","contentUrl":"https:\/\/eshop.pristis.lt\/wp-content\/uploads\/2024\/01\/PristisLogo-Large.jpg","width":1793,"height":451,"caption":"PRISTIS eShop"},"image":{"@id":"https:\/\/eshop.pristis.lt\/#\/schema\/logo\/image\/"}}]}},"_links":{"self":[{"href":"https:\/\/eshop.pristis.lt\/index.php\/wp-json\/wp\/v2\/product\/4016","targetHints":{"allow":["GET"]}}],"collection":[{"href":"https:\/\/eshop.pristis.lt\/index.php\/wp-json\/wp\/v2\/product"}],"about":[{"href":"https:\/\/eshop.pristis.lt\/index.php\/wp-json\/wp\/v2\/types\/product"}],"wp:featuredmedia":[{"embeddable":true,"href":"https:\/\/eshop.pristis.lt\/index.php\/wp-json\/wp\/v2\/media\/3540"}],"wp:attachment":[{"href":"https:\/\/eshop.pristis.lt\/index.php\/wp-json\/wp\/v2\/media?parent=4016"}],"wp:term":[{"taxonomy":"product_brand","embeddable":true,"href":"https:\/\/eshop.pristis.lt\/index.php\/wp-json\/wp\/v2\/product_brand?post=4016"},{"taxonomy":"product_cat","embeddable":true,"href":"https:\/\/eshop.pristis.lt\/index.php\/wp-json\/wp\/v2\/product_cat?post=4016"},{"taxonomy":"product_tag","embeddable":true,"href":"https:\/\/eshop.pristis.lt\/index.php\/wp-json\/wp\/v2\/product_tag?post=4016"},{"taxonomy":"berocket_brand","embeddable":true,"href":"https:\/\/eshop.pristis.lt\/index.php\/wp-json\/wp\/v2\/berocket_brand?post=4016"}],"curies":[{"name":"wp","href":"https:\/\/api.w.org\/{rel}","templated":true}]}}