{"id":4093,"date":"2024-01-22T10:18:46","date_gmt":"2024-01-22T10:18:46","guid":{"rendered":"https:\/\/eshop.pristis.lt\/?post_type=product&#038;p=4093"},"modified":"2024-01-22T10:18:48","modified_gmt":"2024-01-22T10:18:48","slug":"luxriot-api-modulis","status":"publish","type":"product","link":"https:\/\/eshop.pristis.lt\/index.php\/produktas\/luxriot-api-modulis\/","title":{"rendered":"Luxriot API modulis"},"content":{"rendered":"<p><strong>Luxriot<\/strong> <strong>API<\/strong> si\u016blo integracij\u0105 su kitomis programin\u0117s \u012frangos sistemomis, naudojant <strong>Luxriot HTTP API<\/strong>.<\/p>\n<p><strong>Luxriot HTTP API<\/strong> yra HTTP URI, leid\u017eianti s\u0105veikauti tarp tre\u010diosios \u0161alies programin\u0117s \u012frangos ir <strong>Luxriot EVO<\/strong> serveri\u0173. <strong>Luxriot HTTP API<\/strong> pateikia URI rinkin\u012f, leid\u017eiant\u012f gauti tiesioginius ir archyvinius srautus HTML5 suderinamu formatu, valdyti PTZ, diegti i\u0161orines paslaugas ir kitus dalykus.<\/p>\n<p><strong>Luxriot HTTP API u\u017eduotys<\/strong><\/p>\n<p>\u2022 Gauti i\u0161tekli\u0173 s\u0105ra\u0161\u0105, leid\u017eiam\u0105 vartotojui<\/p>\n<p>\u2022 Gauti pagrindinius ir antrinius vaizdo srautus HTML5 suderinamu formatu<\/p>\n<p>\u2022 Gauti archyvo vaizdo srautus HTML5 suderinamu formatu<\/p>\n<p>\u2022 Gauti ir perduoti garso duomenis<\/p>\n<p>\u2022 Siusti vaizdo ir garso \u012fra\u0161\u0173 srautus \u012f <strong>Luxriot EVO<\/strong><\/p>\n<p>\u2022 Gauti nuotraukas (JPEG) i\u0161 archyvo ir gyvo vaizdo<\/p>\n<p>\u2022 Neautorizuotos prieigos prie vie\u0161\u0173j\u0173 i\u0161tekli\u0173 galimyb\u0117<\/p>\n<p>\u2022 PTZ, fokusavimo ir i\u0161ankstini\u0173 nustatym\u0173 valdymas<\/p>\n<p>\u2022 Suaktyvinti taisykl\u0119 <strong>Luxriot EVO<\/strong> serveriuose<\/p>\n<p>\u2022 Gauti <strong>Luxriot EVO<\/strong> \u012fvykius<\/p>\n<p>\u2022 Duomen\u0173 siuntimas i\u0161 tre\u010diosios \u0161alies programin\u0117s \u012frangos realiu laiku (pvz., \u012feigos kontrol\u0117, kasa, pastato valdymo sistema, valstybinio numerio atpa\u017einimas, veido atpa\u017einimas ir kt.)<\/p>\n<p>\u2022 Gauti tre\u010di\u0173j\u0173 \u0161ali\u0173 archyv\u0173 duomenis per <strong>Luxriot EVO Monitor<\/strong> program\u0105<\/p>\n","protected":false},"excerpt":{"rendered":"<p>Luxriot API<\/p>\n","protected":false},"featured_media":3610,"template":"","meta":[],"product_brand":[],"product_cat":[111],"product_tag":[],"berocket_brand":[],"class_list":{"0":"post-4093","1":"product","2":"type-product","3":"status-publish","4":"has-post-thumbnail","6":"product_cat-programine-iranga-vaizdo-stebejimo-sistema-2","8":"first","9":"onbackorder","10":"taxable","11":"shipping-taxable","12":"product-type-simple"},"yoast_head":"<!-- This site is optimized with the Yoast SEO plugin v27.5 - https:\/\/yoast.com\/product\/yoast-seo-wordpress\/ -->\n<title>Luxriot API modulis - eShop<\/title>\n<meta name=\"robots\" content=\"index, follow, max-snippet:-1, max-image-preview:large, max-video-preview:-1\" \/>\n<link rel=\"canonical\" href=\"https:\/\/eshop.pristis.lt\/index.php\/produktas\/luxriot-api-modulis\/\" \/>\n<meta property=\"og:locale\" content=\"lt_LT\" \/>\n<meta property=\"og:type\" content=\"article\" \/>\n<meta property=\"og:title\" content=\"Luxriot API modulis - eShop\" \/>\n<meta property=\"og:description\" content=\"Luxriot API\" \/>\n<meta property=\"og:url\" content=\"https:\/\/eshop.pristis.lt\/index.php\/produktas\/luxriot-api-modulis\/\" \/>\n<meta property=\"og:site_name\" content=\"eShop\" \/>\n<meta property=\"article:modified_time\" content=\"2024-01-22T10:18:48+00:00\" \/>\n<meta name=\"twitter:card\" content=\"summary_large_image\" \/>\n<meta name=\"twitter:label1\" content=\"Est. reading time\" \/>\n\t<meta name=\"twitter:data1\" content=\"1 minut\u0117\" \/>\n<script type=\"application\/ld+json\" class=\"yoast-schema-graph\">{\"@context\":\"https:\\\/\\\/schema.org\",\"@graph\":[{\"@type\":\"WebPage\",\"@id\":\"https:\\\/\\\/eshop.pristis.lt\\\/index.php\\\/produktas\\\/luxriot-api-modulis\\\/\",\"url\":\"https:\\\/\\\/eshop.pristis.lt\\\/index.php\\\/produktas\\\/luxriot-api-modulis\\\/\",\"name\":\"Luxriot API modulis - eShop\",\"isPartOf\":{\"@id\":\"https:\\\/\\\/eshop.pristis.lt\\\/#website\"},\"primaryImageOfPage\":{\"@id\":\"https:\\\/\\\/eshop.pristis.lt\\\/index.php\\\/produktas\\\/luxriot-api-modulis\\\/#primaryimage\"},\"image\":{\"@id\":\"https:\\\/\\\/eshop.pristis.lt\\\/index.php\\\/produktas\\\/luxriot-api-modulis\\\/#primaryimage\"},\"thumbnailUrl\":\"https:\\\/\\\/eshop.pristis.lt\\\/wp-content\\\/uploads\\\/2024\\\/01\\\/module_API_icon.jpg\",\"datePublished\":\"2024-01-22T10:18:46+00:00\",\"dateModified\":\"2024-01-22T10:18:48+00:00\",\"breadcrumb\":{\"@id\":\"https:\\\/\\\/eshop.pristis.lt\\\/index.php\\\/produktas\\\/luxriot-api-modulis\\\/#breadcrumb\"},\"inLanguage\":\"lt-LT\",\"potentialAction\":[{\"@type\":\"ReadAction\",\"target\":[\"https:\\\/\\\/eshop.pristis.lt\\\/index.php\\\/produktas\\\/luxriot-api-modulis\\\/\"]}]},{\"@type\":\"ImageObject\",\"inLanguage\":\"lt-LT\",\"@id\":\"https:\\\/\\\/eshop.pristis.lt\\\/index.php\\\/produktas\\\/luxriot-api-modulis\\\/#primaryimage\",\"url\":\"https:\\\/\\\/eshop.pristis.lt\\\/wp-content\\\/uploads\\\/2024\\\/01\\\/module_API_icon.jpg\",\"contentUrl\":\"https:\\\/\\\/eshop.pristis.lt\\\/wp-content\\\/uploads\\\/2024\\\/01\\\/module_API_icon.jpg\",\"width\":800,\"height\":800},{\"@type\":\"BreadcrumbList\",\"@id\":\"https:\\\/\\\/eshop.pristis.lt\\\/index.php\\\/produktas\\\/luxriot-api-modulis\\\/#breadcrumb\",\"itemListElement\":[{\"@type\":\"ListItem\",\"position\":1,\"name\":\"Home\",\"item\":\"https:\\\/\\\/eshop.pristis.lt\\\/\"},{\"@type\":\"ListItem\",\"position\":2,\"name\":\"Parduotuv\u0117\",\"item\":\"https:\\\/\\\/eshop.pristis.lt\\\/\"},{\"@type\":\"ListItem\",\"position\":3,\"name\":\"Luxriot API modulis\"}]},{\"@type\":\"WebSite\",\"@id\":\"https:\\\/\\\/eshop.pristis.lt\\\/#website\",\"url\":\"https:\\\/\\\/eshop.pristis.lt\\\/\",\"name\":\"PRISTIS eShop\",\"description\":\"eShop\",\"publisher\":{\"@id\":\"https:\\\/\\\/eshop.pristis.lt\\\/#organization\"},\"potentialAction\":[{\"@type\":\"SearchAction\",\"target\":{\"@type\":\"EntryPoint\",\"urlTemplate\":\"https:\\\/\\\/eshop.pristis.lt\\\/?s={search_term_string}\"},\"query-input\":{\"@type\":\"PropertyValueSpecification\",\"valueRequired\":true,\"valueName\":\"search_term_string\"}}],\"inLanguage\":\"lt-LT\"},{\"@type\":\"Organization\",\"@id\":\"https:\\\/\\\/eshop.pristis.lt\\\/#organization\",\"name\":\"PRISTIS eShop\",\"url\":\"https:\\\/\\\/eshop.pristis.lt\\\/\",\"logo\":{\"@type\":\"ImageObject\",\"inLanguage\":\"lt-LT\",\"@id\":\"https:\\\/\\\/eshop.pristis.lt\\\/#\\\/schema\\\/logo\\\/image\\\/\",\"url\":\"https:\\\/\\\/eshop.pristis.lt\\\/wp-content\\\/uploads\\\/2024\\\/01\\\/PristisLogo-Large.jpg\",\"contentUrl\":\"https:\\\/\\\/eshop.pristis.lt\\\/wp-content\\\/uploads\\\/2024\\\/01\\\/PristisLogo-Large.jpg\",\"width\":1793,\"height\":451,\"caption\":\"PRISTIS eShop\"},\"image\":{\"@id\":\"https:\\\/\\\/eshop.pristis.lt\\\/#\\\/schema\\\/logo\\\/image\\\/\"}}]}<\/script>\n<!-- \/ Yoast SEO plugin. -->","yoast_head_json":{"title":"Luxriot API modulis - eShop","robots":{"index":"index","follow":"follow","max-snippet":"max-snippet:-1","max-image-preview":"max-image-preview:large","max-video-preview":"max-video-preview:-1"},"canonical":"https:\/\/eshop.pristis.lt\/index.php\/produktas\/luxriot-api-modulis\/","og_locale":"lt_LT","og_type":"article","og_title":"Luxriot API modulis - eShop","og_description":"Luxriot API","og_url":"https:\/\/eshop.pristis.lt\/index.php\/produktas\/luxriot-api-modulis\/","og_site_name":"eShop","article_modified_time":"2024-01-22T10:18:48+00:00","twitter_card":"summary_large_image","twitter_misc":{"Est. reading time":"1 minut\u0117"},"schema":{"@context":"https:\/\/schema.org","@graph":[{"@type":"WebPage","@id":"https:\/\/eshop.pristis.lt\/index.php\/produktas\/luxriot-api-modulis\/","url":"https:\/\/eshop.pristis.lt\/index.php\/produktas\/luxriot-api-modulis\/","name":"Luxriot API modulis - eShop","isPartOf":{"@id":"https:\/\/eshop.pristis.lt\/#website"},"primaryImageOfPage":{"@id":"https:\/\/eshop.pristis.lt\/index.php\/produktas\/luxriot-api-modulis\/#primaryimage"},"image":{"@id":"https:\/\/eshop.pristis.lt\/index.php\/produktas\/luxriot-api-modulis\/#primaryimage"},"thumbnailUrl":"https:\/\/eshop.pristis.lt\/wp-content\/uploads\/2024\/01\/module_API_icon.jpg","datePublished":"2024-01-22T10:18:46+00:00","dateModified":"2024-01-22T10:18:48+00:00","breadcrumb":{"@id":"https:\/\/eshop.pristis.lt\/index.php\/produktas\/luxriot-api-modulis\/#breadcrumb"},"inLanguage":"lt-LT","potentialAction":[{"@type":"ReadAction","target":["https:\/\/eshop.pristis.lt\/index.php\/produktas\/luxriot-api-modulis\/"]}]},{"@type":"ImageObject","inLanguage":"lt-LT","@id":"https:\/\/eshop.pristis.lt\/index.php\/produktas\/luxriot-api-modulis\/#primaryimage","url":"https:\/\/eshop.pristis.lt\/wp-content\/uploads\/2024\/01\/module_API_icon.jpg","contentUrl":"https:\/\/eshop.pristis.lt\/wp-content\/uploads\/2024\/01\/module_API_icon.jpg","width":800,"height":800},{"@type":"BreadcrumbList","@id":"https:\/\/eshop.pristis.lt\/index.php\/produktas\/luxriot-api-modulis\/#breadcrumb","itemListElement":[{"@type":"ListItem","position":1,"name":"Home","item":"https:\/\/eshop.pristis.lt\/"},{"@type":"ListItem","position":2,"name":"Parduotuv\u0117","item":"https:\/\/eshop.pristis.lt\/"},{"@type":"ListItem","position":3,"name":"Luxriot API modulis"}]},{"@type":"WebSite","@id":"https:\/\/eshop.pristis.lt\/#website","url":"https:\/\/eshop.pristis.lt\/","name":"PRISTIS eShop","description":"eShop","publisher":{"@id":"https:\/\/eshop.pristis.lt\/#organization"},"potentialAction":[{"@type":"SearchAction","target":{"@type":"EntryPoint","urlTemplate":"https:\/\/eshop.pristis.lt\/?s={search_term_string}"},"query-input":{"@type":"PropertyValueSpecification","valueRequired":true,"valueName":"search_term_string"}}],"inLanguage":"lt-LT"},{"@type":"Organization","@id":"https:\/\/eshop.pristis.lt\/#organization","name":"PRISTIS eShop","url":"https:\/\/eshop.pristis.lt\/","logo":{"@type":"ImageObject","inLanguage":"lt-LT","@id":"https:\/\/eshop.pristis.lt\/#\/schema\/logo\/image\/","url":"https:\/\/eshop.pristis.lt\/wp-content\/uploads\/2024\/01\/PristisLogo-Large.jpg","contentUrl":"https:\/\/eshop.pristis.lt\/wp-content\/uploads\/2024\/01\/PristisLogo-Large.jpg","width":1793,"height":451,"caption":"PRISTIS eShop"},"image":{"@id":"https:\/\/eshop.pristis.lt\/#\/schema\/logo\/image\/"}}]}},"_links":{"self":[{"href":"https:\/\/eshop.pristis.lt\/index.php\/wp-json\/wp\/v2\/product\/4093","targetHints":{"allow":["GET"]}}],"collection":[{"href":"https:\/\/eshop.pristis.lt\/index.php\/wp-json\/wp\/v2\/product"}],"about":[{"href":"https:\/\/eshop.pristis.lt\/index.php\/wp-json\/wp\/v2\/types\/product"}],"wp:featuredmedia":[{"embeddable":true,"href":"https:\/\/eshop.pristis.lt\/index.php\/wp-json\/wp\/v2\/media\/3610"}],"wp:attachment":[{"href":"https:\/\/eshop.pristis.lt\/index.php\/wp-json\/wp\/v2\/media?parent=4093"}],"wp:term":[{"taxonomy":"product_brand","embeddable":true,"href":"https:\/\/eshop.pristis.lt\/index.php\/wp-json\/wp\/v2\/product_brand?post=4093"},{"taxonomy":"product_cat","embeddable":true,"href":"https:\/\/eshop.pristis.lt\/index.php\/wp-json\/wp\/v2\/product_cat?post=4093"},{"taxonomy":"product_tag","embeddable":true,"href":"https:\/\/eshop.pristis.lt\/index.php\/wp-json\/wp\/v2\/product_tag?post=4093"},{"taxonomy":"berocket_brand","embeddable":true,"href":"https:\/\/eshop.pristis.lt\/index.php\/wp-json\/wp\/v2\/berocket_brand?post=4093"}],"curies":[{"name":"wp","href":"https:\/\/api.w.org\/{rel}","templated":true}]}}